{"id":6288,"date":"2024-02-23T18:22:10","date_gmt":"2024-02-23T18:22:10","guid":{"rendered":"https:\/\/anthropometrica.mx\/tienda\/?post_type=product&#038;p=6288"},"modified":"2026-03-31T13:32:39","modified_gmt":"2026-03-31T13:32:39","slug":"indicadores-antropometricos-usados-en-deportistas","status":"publish","type":"product","link":"https:\/\/anthropometrica.mx\/tienda\/producto\/indicadores-antropometricos-usados-en-deportistas\/","title":{"rendered":"Indicadores antropom\u00e9tricos usados en deportistas"},"content":{"rendered":"<p>&nbsp;<\/p>\n<p>Los indicadores antropom\u00e9tricos se pueden usar en la valoraci\u00f3n de los deportistas. Existen diversos indicadores que se pueden emplear teniendo en cuenta que para realizar una adecuada valoraci\u00f3n siempre es recomendable utilizar dos o m\u00e1s.<\/p>\n<p>&nbsp;<\/p>\n<p>En este curso se hablar\u00e1 sobre la proporcionalidad corporal as\u00ed como diversos \u00edndices y mediciones corporales que pueden ser evaluados en este tipo de poblaci\u00f3n.<\/p>\n<p>&nbsp;<\/p>\n<p>Duraci\u00f3n del curso: 1 hora con 15 minutos.<\/p>\n<p>&nbsp;<\/p>\n<p>Incluye bibliograf\u00eda complementaria<\/p>\n","protected":false},"excerpt":{"rendered":"<p>&nbsp; Los indicadores antropom\u00e9tricos se pueden usar en la valoraci\u00f3n de los deportistas. Existen diversos indicadores que se pueden emplear [&hellip;]<\/p>\n","protected":false},"featured_media":0,"comment_status":"open","ping_status":"closed","template":"","meta":{"_acf_changed":false,"site-sidebar-layout":"default","site-content-layout":"","ast-site-content-layout":"default","site-content-style":"default","site-sidebar-style":"default","ast-global-header-display":"","ast-banner-title-visibility":"","ast-main-header-display":"","ast-hfb-above-header-display":"","ast-hfb-below-header-display":"","ast-hfb-mobile-header-display":"","site-post-title":"","ast-breadcrumbs-content":"","ast-featured-img":"","footer-sml-layout":"","theme-transparent-header-meta":"","adv-header-id-meta":"","stick-header-meta":"","header-above-stick-meta":"","header-main-stick-meta":"","header-below-stick-meta":"","astra-migrate-meta-layouts":"default","ast-page-background-enabled":"default","ast-page-background-meta":{"desktop":{"background-color":"var(--ast-global-color-5)","background-image":"","background-repeat":"repeat","background-position":"center center","background-size":"auto","background-attachment":"scroll","background-type":"","background-media":"","overlay-type":"","overlay-color":"","overlay-opacity":"","overlay-gradient":""},"tablet":{"background-color":"","background-image":"","background-repeat":"repeat","background-position":"center center","background-size":"auto","background-attachment":"scroll","background-type":"","background-media":"","overlay-type":"","overlay-color":"","overlay-opacity":"","overlay-gradient":""},"mobile":{"background-color":"","background-image":"","background-repeat":"repeat","background-position":"center center","background-size":"auto","background-attachment":"scroll","background-type":"","background-media":"","overlay-type":"","overlay-color":"","overlay-opacity":"","overlay-gradient":""}},"ast-content-background-meta":{"desktop":{"background-color":"var(--ast-global-color-4)","background-image":"","background-repeat":"repeat","background-position":"center center","background-size":"auto","background-attachment":"scroll","background-type":"","background-media":"","overlay-type":"","overlay-color":"","overlay-opacity":"","overlay-gradient":""},"tablet":{"background-color":"var(--ast-global-color-4)","background-image":"","background-repeat":"repeat","background-position":"center center","background-size":"auto","background-attachment":"scroll","background-type":"","background-media":"","overlay-type":"","overlay-color":"","overlay-opacity":"","overlay-gradient":""},"mobile":{"background-color":"var(--ast-global-color-4)","background-image":"","background-repeat":"repeat","background-position":"center center","background-size":"auto","background-attachment":"scroll","background-type":"","background-media":"","overlay-type":"","overlay-color":"","overlay-opacity":"","overlay-gradient":""}},"_joinchat":[],"_links_to":"","_links_to_target":""},"product_brand":[],"product_cat":[15],"product_tag":[],"categoria":[68,67],"class_list":{"0":"post-6288","1":"product","2":"type-product","3":"status-publish","5":"product_cat-sin-categoria","6":"categoria-online","7":"categoria-webinar","8":"desktop-align-left","9":"tablet-align-left","10":"mobile-align-left","12":"first","13":"instock","14":"sale","15":"virtual","16":"purchasable","17":"product-type-simple"},"acf":[],"aioseo_notices":[],"_links":{"self":[{"href":"https:\/\/anthropometrica.mx\/tienda\/wp-json\/wp\/v2\/product\/6288","targetHints":{"allow":["GET"]}}],"collection":[{"href":"https:\/\/anthropometrica.mx\/tienda\/wp-json\/wp\/v2\/product"}],"about":[{"href":"https:\/\/anthropometrica.mx\/tienda\/wp-json\/wp\/v2\/types\/product"}],"replies":[{"embeddable":true,"href":"https:\/\/anthropometrica.mx\/tienda\/wp-json\/wp\/v2\/comments?post=6288"}],"wp:attachment":[{"href":"https:\/\/anthropometrica.mx\/tienda\/wp-json\/wp\/v2\/media?parent=6288"}],"wp:term":[{"taxonomy":"product_brand","embeddable":true,"href":"https:\/\/anthropometrica.mx\/tienda\/wp-json\/wp\/v2\/product_brand?post=6288"},{"taxonomy":"product_cat","embeddable":true,"href":"https:\/\/anthropometrica.mx\/tienda\/wp-json\/wp\/v2\/product_cat?post=6288"},{"taxonomy":"product_tag","embeddable":true,"href":"https:\/\/anthropometrica.mx\/tienda\/wp-json\/wp\/v2\/product_tag?post=6288"},{"taxonomy":"categoria","embeddable":true,"href":"https:\/\/anthropometrica.mx\/tienda\/wp-json\/wp\/v2\/categoria?post=6288"}],"curies":[{"name":"wp","href":"https:\/\/api.w.org\/{rel}","templated":true}]}}