{"id":6277,"date":"2024-02-23T17:42:13","date_gmt":"2024-02-23T17:42:13","guid":{"rendered":"https:\/\/anthropometrica.mx\/tienda\/?post_type=product&#038;p=6277"},"modified":"2026-04-01T01:06:39","modified_gmt":"2026-04-01T01:06:39","slug":"farmacologia-deportiva-y-prevencion-del-dopaje","status":"publish","type":"product","link":"https:\/\/anthropometrica.mx\/tienda\/producto\/farmacologia-deportiva-y-prevencion-del-dopaje\/","title":{"rendered":"Farmacolog\u00eda deportiva y prevenci\u00f3n del dopaje"},"content":{"rendered":"<p>&nbsp;<\/p>\n<p>En este curso comprender\u00e1s las bases y fundamentos fisiol\u00f3gicos del uso de sustancias farmacol\u00f3gicas (esteroides anab\u00f3licos androg\u00e9nicos, hormona del crecimiento, insulina, IGF-1, an\u00e1logos, etc\u00e9tera), para deportistas recreativos y de \u00e9lite para coadyuvar a la nutrici\u00f3n y ejercicio en la mejora de la est\u00e9tica corporal y del desarrollo e hipertrofia musculoesquel\u00e9tica. Durante el curso se abordar\u00e1n algunos m\u00e9todos y procedimientos que aplican las autoridades e instituciones competentes de sustancias consideradas \u201cdopaje\u201d, y algunos efectos adversos que pueden ocasionar el uso de dichas sustancias.<\/p>\n<p>&nbsp;<\/p>\n<p>Duraci\u00f3n del curso: 9 horas y 30 minutos.<\/p>\n<p>&nbsp;<\/p>\n<p>Incluye bibliiograf\u00eda complementaria.<\/p>\n","protected":false},"excerpt":{"rendered":"<p>&nbsp; En este curso comprender\u00e1s las bases y fundamentos fisiol\u00f3gicos del uso de sustancias farmacol\u00f3gicas (esteroides anab\u00f3licos androg\u00e9nicos, hormona del [&hellip;]<\/p>\n","protected":false},"featured_media":0,"comment_status":"open","ping_status":"closed","template":"","meta":{"_acf_changed":false,"site-sidebar-layout":"default","site-content-layout":"","ast-site-content-layout":"default","site-content-style":"default","site-sidebar-style":"default","ast-global-header-display":"","ast-banner-title-visibility":"","ast-main-header-display":"","ast-hfb-above-header-display":"","ast-hfb-below-header-display":"","ast-hfb-mobile-header-display":"","site-post-title":"","ast-breadcrumbs-content":"","ast-featured-img":"","footer-sml-layout":"","theme-transparent-header-meta":"","adv-header-id-meta":"","stick-header-meta":"","header-above-stick-meta":"","header-main-stick-meta":"","header-below-stick-meta":"","astra-migrate-meta-layouts":"default","ast-page-background-enabled":"default","ast-page-background-meta":{"desktop":{"background-color":"var(--ast-global-color-5)","background-image":"","background-repeat":"repeat","background-position":"center center","background-size":"auto","background-attachment":"scroll","background-type":"","background-media":"","overlay-type":"","overlay-color":"","overlay-opacity":"","overlay-gradient":""},"tablet":{"background-color":"","background-image":"","background-repeat":"repeat","background-position":"center center","background-size":"auto","background-attachment":"scroll","background-type":"","background-media":"","overlay-type":"","overlay-color":"","overlay-opacity":"","overlay-gradient":""},"mobile":{"background-color":"","background-image":"","background-repeat":"repeat","background-position":"center center","background-size":"auto","background-attachment":"scroll","background-type":"","background-media":"","overlay-type":"","overlay-color":"","overlay-opacity":"","overlay-gradient":""}},"ast-content-background-meta":{"desktop":{"background-color":"var(--ast-global-color-4)","background-image":"","background-repeat":"repeat","background-position":"center center","background-size":"auto","background-attachment":"scroll","background-type":"","background-media":"","overlay-type":"","overlay-color":"","overlay-opacity":"","overlay-gradient":""},"tablet":{"background-color":"var(--ast-global-color-4)","background-image":"","background-repeat":"repeat","background-position":"center center","background-size":"auto","background-attachment":"scroll","background-type":"","background-media":"","overlay-type":"","overlay-color":"","overlay-opacity":"","overlay-gradient":""},"mobile":{"background-color":"var(--ast-global-color-4)","background-image":"","background-repeat":"repeat","background-position":"center center","background-size":"auto","background-attachment":"scroll","background-type":"","background-media":"","overlay-type":"","overlay-color":"","overlay-opacity":"","overlay-gradient":""}},"_joinchat":[],"_links_to":"","_links_to_target":""},"product_brand":[],"product_cat":[15],"product_tag":[],"categoria":[68,67],"class_list":{"0":"post-6277","1":"product","2":"type-product","3":"status-publish","5":"product_cat-sin-categoria","6":"categoria-online","7":"categoria-webinar","8":"desktop-align-left","9":"tablet-align-left","10":"mobile-align-left","12":"first","13":"instock","14":"sale","15":"shipping-taxable","16":"purchasable","17":"product-type-simple"},"acf":[],"aioseo_notices":[],"_links":{"self":[{"href":"https:\/\/anthropometrica.mx\/tienda\/wp-json\/wp\/v2\/product\/6277","targetHints":{"allow":["GET"]}}],"collection":[{"href":"https:\/\/anthropometrica.mx\/tienda\/wp-json\/wp\/v2\/product"}],"about":[{"href":"https:\/\/anthropometrica.mx\/tienda\/wp-json\/wp\/v2\/types\/product"}],"replies":[{"embeddable":true,"href":"https:\/\/anthropometrica.mx\/tienda\/wp-json\/wp\/v2\/comments?post=6277"}],"wp:attachment":[{"href":"https:\/\/anthropometrica.mx\/tienda\/wp-json\/wp\/v2\/media?parent=6277"}],"wp:term":[{"taxonomy":"product_brand","embeddable":true,"href":"https:\/\/anthropometrica.mx\/tienda\/wp-json\/wp\/v2\/product_brand?post=6277"},{"taxonomy":"product_cat","embeddable":true,"href":"https:\/\/anthropometrica.mx\/tienda\/wp-json\/wp\/v2\/product_cat?post=6277"},{"taxonomy":"product_tag","embeddable":true,"href":"https:\/\/anthropometrica.mx\/tienda\/wp-json\/wp\/v2\/product_tag?post=6277"},{"taxonomy":"categoria","embeddable":true,"href":"https:\/\/anthropometrica.mx\/tienda\/wp-json\/wp\/v2\/categoria?post=6277"}],"curies":[{"name":"wp","href":"https:\/\/api.w.org\/{rel}","templated":true}]}}