{"id":6091,"date":"2023-06-21T21:49:19","date_gmt":"2023-06-21T21:49:19","guid":{"rendered":"https:\/\/anthropometrica.mx\/tienda\/?post_type=product&#038;p=6091"},"modified":"2026-04-01T01:38:09","modified_gmt":"2026-04-01T01:38:09","slug":"body-composition-meeting-conferencias-taller","status":"publish","type":"product","link":"https:\/\/anthropometrica.mx\/tienda\/producto\/body-composition-meeting-conferencias-taller\/","title":{"rendered":"Body Composition Meeting (Conferencias + taller)"},"content":{"rendered":"","protected":false},"excerpt":{"rendered":"<p><strong>Formas para realizar el pago al evento:<\/strong><\/p>\n<p>&nbsp;<\/p>\n<p>&nbsp;<\/p>\n<p><strong>OPCI\u00d3N 1) DEP\u00d3SITO O TRANSFERENCIA.<\/strong><\/p>\n<p><strong>Para inscribirte al Body Composition Meeting (conferencias + taller) debes realizar un dep\u00f3sito o transferencia a la siguiente cuenta bancaria:<\/strong><\/p>\n<p>&nbsp;<\/p>\n<p>&nbsp;<\/p>\n<p><strong>BANCO: Santander.<br \/>\nNOMBRE: Anthropometrica S. de R.L. de C.V.<br \/>\nNo. Tarjeta: 5579-0890-0024-9170.<br \/>\nNo. de Cuenta: 65505223817.<br \/>\nCLABE interbancaria: 014910655052238173<\/strong><\/p>\n<p>&nbsp;<\/p>\n<p>&nbsp;<\/p>\n<p><strong>Una vez realizado el pago, debes enviar el comprobante del mismo al correo: info@anthropometrica.mx y poner en asunto: \u00bbBody Composition Meeting (conferencias + taller)\u00bb, en el cuerpo del correo debes poner tu nombre completo y n\u00famero de celular. Una vez enviado el correo con el comprobante y tus datos, un asesor se pondr\u00e1 en contacto contigo v\u00eda correo electr\u00f3nico en un lapso no mayor a 48 horas.<\/strong><\/p>\n<p>&nbsp;<\/p>\n<p>&nbsp;<\/p>\n<p><strong>OPCI\u00d3N 2) PAGO EN L\u00cdNEA.\u00a0<\/strong><\/p>\n<p>Dar clic al bot\u00f3n \u00bbA\u00f1adir al carrito\u00bb, posterior a ello, dar clic al carrito en la parte superior derecha de la p\u00e1gina y finalizar compra. Una vez realizada y en un lapso no mayor a 48 horas, un asesor se pondr\u00e1 en contacto contigo para confirmar tu pago y asistencia al evento.<\/p>\n","protected":false},"featured_media":6172,"comment_status":"open","ping_status":"closed","template":"","meta":{"_acf_changed":false,"site-sidebar-layout":"default","site-content-layout":"","ast-site-content-layout":"default","site-content-style":"default","site-sidebar-style":"default","ast-global-header-display":"","ast-banner-title-visibility":"","ast-main-header-display":"","ast-hfb-above-header-display":"","ast-hfb-below-header-display":"","ast-hfb-mobile-header-display":"","site-post-title":"","ast-breadcrumbs-content":"","ast-featured-img":"","footer-sml-layout":"","theme-transparent-header-meta":"","adv-header-id-meta":"","stick-header-meta":"","header-above-stick-meta":"","header-main-stick-meta":"","header-below-stick-meta":"","astra-migrate-meta-layouts":"default","ast-page-background-enabled":"default","ast-page-background-meta":{"desktop":{"background-color":"var(--ast-global-color-5)","background-image":"","background-repeat":"repeat","background-position":"center center","background-size":"auto","background-attachment":"scroll","background-type":"","background-media":"","overlay-type":"","overlay-color":"","overlay-opacity":"","overlay-gradient":""},"tablet":{"background-color":"","background-image":"","background-repeat":"repeat","background-position":"center center","background-size":"auto","background-attachment":"scroll","background-type":"","background-media":"","overlay-type":"","overlay-color":"","overlay-opacity":"","overlay-gradient":""},"mobile":{"background-color":"","background-image":"","background-repeat":"repeat","background-position":"center center","background-size":"auto","background-attachment":"scroll","background-type":"","background-media":"","overlay-type":"","overlay-color":"","overlay-opacity":"","overlay-gradient":""}},"ast-content-background-meta":{"desktop":{"background-color":"var(--ast-global-color-4)","background-image":"","background-repeat":"repeat","background-position":"center center","background-size":"auto","background-attachment":"scroll","background-type":"","background-media":"","overlay-type":"","overlay-color":"","overlay-opacity":"","overlay-gradient":""},"tablet":{"background-color":"var(--ast-global-color-4)","background-image":"","background-repeat":"repeat","background-position":"center center","background-size":"auto","background-attachment":"scroll","background-type":"","background-media":"","overlay-type":"","overlay-color":"","overlay-opacity":"","overlay-gradient":""},"mobile":{"background-color":"var(--ast-global-color-4)","background-image":"","background-repeat":"repeat","background-position":"center center","background-size":"auto","background-attachment":"scroll","background-type":"","background-media":"","overlay-type":"","overlay-color":"","overlay-opacity":"","overlay-gradient":""}},"_joinchat":[],"_links_to":"","_links_to_target":""},"product_brand":[],"product_cat":[15],"product_tag":[],"categoria":[],"class_list":{"0":"post-6091","1":"product","2":"type-product","3":"status-publish","4":"has-post-thumbnail","6":"product_cat-sin-categoria","7":"desktop-align-left","8":"tablet-align-left","9":"mobile-align-left","11":"first","12":"instock","13":"virtual","14":"purchasable","15":"product-type-simple"},"acf":[],"aioseo_notices":[],"_links":{"self":[{"href":"https:\/\/anthropometrica.mx\/tienda\/wp-json\/wp\/v2\/product\/6091","targetHints":{"allow":["GET"]}}],"collection":[{"href":"https:\/\/anthropometrica.mx\/tienda\/wp-json\/wp\/v2\/product"}],"about":[{"href":"https:\/\/anthropometrica.mx\/tienda\/wp-json\/wp\/v2\/types\/product"}],"replies":[{"embeddable":true,"href":"https:\/\/anthropometrica.mx\/tienda\/wp-json\/wp\/v2\/comments?post=6091"}],"wp:featuredmedia":[{"embeddable":true,"href":"https:\/\/anthropometrica.mx\/tienda\/wp-json\/wp\/v2\/media\/6172"}],"wp:attachment":[{"href":"https:\/\/anthropometrica.mx\/tienda\/wp-json\/wp\/v2\/media?parent=6091"}],"wp:term":[{"taxonomy":"product_brand","embeddable":true,"href":"https:\/\/anthropometrica.mx\/tienda\/wp-json\/wp\/v2\/product_brand?post=6091"},{"taxonomy":"product_cat","embeddable":true,"href":"https:\/\/anthropometrica.mx\/tienda\/wp-json\/wp\/v2\/product_cat?post=6091"},{"taxonomy":"product_tag","embeddable":true,"href":"https:\/\/anthropometrica.mx\/tienda\/wp-json\/wp\/v2\/product_tag?post=6091"},{"taxonomy":"categoria","embeddable":true,"href":"https:\/\/anthropometrica.mx\/tienda\/wp-json\/wp\/v2\/categoria?post=6091"}],"curies":[{"name":"wp","href":"https:\/\/api.w.org\/{rel}","templated":true}]}}