{"id":5838,"date":"2021-01-20T22:45:53","date_gmt":"2021-01-20T22:45:53","guid":{"rendered":"https:\/\/anthropometrica.mx\/tienda\/?post_type=product&#038;p=5838"},"modified":"2026-04-14T01:39:32","modified_gmt":"2026-04-14T01:39:32","slug":"kit-slide-bascula","status":"publish","type":"product","link":"https:\/\/anthropometrica.mx\/tienda\/producto\/kit-slide-bascula\/","title":{"rendered":"Kit Slide + B\u00e1scula"},"content":{"rendered":"<p>Incluye:<\/p>\n<ul>\n<li>Plic\u00f3metro Slim Guide<\/li>\n<li>Antrop\u00f3metro Slide<\/li>\n<li>Cinta Anthropometrica<\/li>\n<li>B\u00e1scula de Bioimpedancia Rhino<\/li>\n<\/ul>\n<p>&nbsp;<\/p>\n","protected":false},"excerpt":{"rendered":"<p>Incluye: Plic\u00f3metro Slim Guide Antrop\u00f3metro Slide Cinta Anthropometrica B\u00e1scula de Bioimpedancia Rhino &nbsp;<\/p>\n","protected":false},"featured_media":6065,"comment_status":"open","ping_status":"closed","template":"","meta":{"_acf_changed":false,"site-sidebar-layout":"default","site-content-layout":"","ast-site-content-layout":"default","site-content-style":"default","site-sidebar-style":"default","ast-global-header-display":"","ast-banner-title-visibility":"","ast-main-header-display":"","ast-hfb-above-header-display":"","ast-hfb-below-header-display":"","ast-hfb-mobile-header-display":"","site-post-title":"","ast-breadcrumbs-content":"","ast-featured-img":"","footer-sml-layout":"","theme-transparent-header-meta":"","adv-header-id-meta":"","stick-header-meta":"","header-above-stick-meta":"","header-main-stick-meta":"","header-below-stick-meta":"","astra-migrate-meta-layouts":"default","ast-page-background-enabled":"default","ast-page-background-meta":{"desktop":{"background-color":"var(--ast-global-color-5)","background-image":"","background-repeat":"repeat","background-position":"center center","background-size":"auto","background-attachment":"scroll","background-type":"","background-media":"","overlay-type":"","overlay-color":"","overlay-opacity":"","overlay-gradient":""},"tablet":{"background-color":"","background-image":"","background-repeat":"repeat","background-position":"center center","background-size":"auto","background-attachment":"scroll","background-type":"","background-media":"","overlay-type":"","overlay-color":"","overlay-opacity":"","overlay-gradient":""},"mobile":{"background-color":"","background-image":"","background-repeat":"repeat","background-position":"center center","background-size":"auto","background-attachment":"scroll","background-type":"","background-media":"","overlay-type":"","overlay-color":"","overlay-opacity":"","overlay-gradient":""}},"ast-content-background-meta":{"desktop":{"background-color":"var(--ast-global-color-4)","background-image":"","background-repeat":"repeat","background-position":"center center","background-size":"auto","background-attachment":"scroll","background-type":"","background-media":"","overlay-type":"","overlay-color":"","overlay-opacity":"","overlay-gradient":""},"tablet":{"background-color":"var(--ast-global-color-4)","background-image":"","background-repeat":"repeat","background-position":"center center","background-size":"auto","background-attachment":"scroll","background-type":"","background-media":"","overlay-type":"","overlay-color":"","overlay-opacity":"","overlay-gradient":""},"mobile":{"background-color":"var(--ast-global-color-4)","background-image":"","background-repeat":"repeat","background-position":"center center","background-size":"auto","background-attachment":"scroll","background-type":"","background-media":"","overlay-type":"","overlay-color":"","overlay-opacity":"","overlay-gradient":""}},"_joinchat":[],"_links_to":"","_links_to_target":""},"product_brand":[],"product_cat":[70,84,107,76,119,71],"product_tag":[89,129,88,114,112,111,93],"categoria":[],"class_list":{"0":"post-5838","1":"product","2":"type-product","3":"status-publish","4":"has-post-thumbnail","6":"product_cat-antropometros","7":"product_cat-cintas","8":"product_cat-equipo","9":"product_cat-kits","10":"product_cat-otros","11":"product_cat-plicometros","12":"product_tag-antropometro","13":"product_tag-bascula","14":"product_tag-cinta","15":"product_tag-equipo-antropometrico","16":"product_tag-kit","17":"product_tag-plicometro","18":"product_tag-slide","19":"desktop-align-left","20":"tablet-align-left","21":"mobile-align-left","23":"first","24":"outofstock","25":"shipping-taxable","26":"purchasable","27":"product-type-simple"},"acf":[],"aioseo_notices":[],"_links":{"self":[{"href":"https:\/\/anthropometrica.mx\/tienda\/wp-json\/wp\/v2\/product\/5838","targetHints":{"allow":["GET"]}}],"collection":[{"href":"https:\/\/anthropometrica.mx\/tienda\/wp-json\/wp\/v2\/product"}],"about":[{"href":"https:\/\/anthropometrica.mx\/tienda\/wp-json\/wp\/v2\/types\/product"}],"replies":[{"embeddable":true,"href":"https:\/\/anthropometrica.mx\/tienda\/wp-json\/wp\/v2\/comments?post=5838"}],"wp:featuredmedia":[{"embeddable":true,"href":"https:\/\/anthropometrica.mx\/tienda\/wp-json\/wp\/v2\/media\/6065"}],"wp:attachment":[{"href":"https:\/\/anthropometrica.mx\/tienda\/wp-json\/wp\/v2\/media?parent=5838"}],"wp:term":[{"taxonomy":"product_brand","embeddable":true,"href":"https:\/\/anthropometrica.mx\/tienda\/wp-json\/wp\/v2\/product_brand?post=5838"},{"taxonomy":"product_cat","embeddable":true,"href":"https:\/\/anthropometrica.mx\/tienda\/wp-json\/wp\/v2\/product_cat?post=5838"},{"taxonomy":"product_tag","embeddable":true,"href":"https:\/\/anthropometrica.mx\/tienda\/wp-json\/wp\/v2\/product_tag?post=5838"},{"taxonomy":"categoria","embeddable":true,"href":"https:\/\/anthropometrica.mx\/tienda\/wp-json\/wp\/v2\/categoria?post=5838"}],"curies":[{"name":"wp","href":"https:\/\/api.w.org\/{rel}","templated":true}]}}