{"id":5037,"date":"2019-07-18T19:27:25","date_gmt":"2019-07-18T19:27:25","guid":{"rendered":"https:\/\/anthropometrica.mx\/tienda\/?post_type=product&#038;p=5037"},"modified":"2026-03-31T11:32:25","modified_gmt":"2026-03-31T11:32:25","slug":"kit-slide","status":"publish","type":"product","link":"https:\/\/anthropometrica.mx\/tienda\/producto\/kit-slide\/","title":{"rendered":"Kit Slide"},"content":{"rendered":"<p>El Kit Slide cuenta con los equipos antropom\u00e9tricos ideales para la valoraci\u00f3n antropom\u00e9trica de acuerdo al protocolo de tu inter\u00e9s, brindando facilidad y practicidad en su uso.<\/p>\n<p>Incluye:<\/p>\n<ul>\n<li>Plic\u00f3metro DiSlide: fabricado en pl\u00e1stico ABS, \u00fatil para la medici\u00f3n de pliegues cut\u00e1neos.<\/li>\n<li>Antrop\u00f3metro Slide: fabricado en pl\u00e1stico ABS, \u00fatil para la medici\u00f3n de di\u00e1metros \u00f3seos peque\u00f1os.<\/li>\n<li>Cinta Anthropometrica: fabricada en acero inoxidable con 2 m de longitud, \u00fatil para la medici\u00f3n de circunferencias y per\u00edmetros corporales.<\/li>\n<li>Malet\u00edn de transporte! Brinda protecci\u00f3n y practicidad para su transporte.<\/li>\n<\/ul>\n<p>GRATIS: Curso de interpretaci\u00f3n de datos antropom\u00e9tricos en el \u00e1rea cl\u00ednica y hospitalaria. Un curso en l\u00ednea \/ asincr\u00f3nico con m\u00e1s de 20 horas de clases en el campus virtual de Anthropometrica.<\/p>\n","protected":false},"excerpt":{"rendered":"<p>El Kit Slide cuenta con los equipos antropom\u00e9tricos ideales para la valoraci\u00f3n antropom\u00e9trica de acuerdo al protocolo de tu inter\u00e9s, [&hellip;]<\/p>\n","protected":false},"featured_media":6335,"comment_status":"open","ping_status":"closed","template":"","meta":{"_acf_changed":false,"site-sidebar-layout":"default","site-content-layout":"","ast-site-content-layout":"default","site-content-style":"default","site-sidebar-style":"default","ast-global-header-display":"","ast-banner-title-visibility":"","ast-main-header-display":"","ast-hfb-above-header-display":"","ast-hfb-below-header-display":"","ast-hfb-mobile-header-display":"","site-post-title":"","ast-breadcrumbs-content":"","ast-featured-img":"","footer-sml-layout":"","theme-transparent-header-meta":"","adv-header-id-meta":"","stick-header-meta":"","header-above-stick-meta":"","header-main-stick-meta":"","header-below-stick-meta":"","astra-migrate-meta-layouts":"default","ast-page-background-enabled":"default","ast-page-background-meta":{"desktop":{"background-color":"var(--ast-global-color-5)","background-image":"","background-repeat":"repeat","background-position":"center center","background-size":"auto","background-attachment":"scroll","background-type":"","background-media":"","overlay-type":"","overlay-color":"","overlay-opacity":"","overlay-gradient":""},"tablet":{"background-color":"","background-image":"","background-repeat":"repeat","background-position":"center center","background-size":"auto","background-attachment":"scroll","background-type":"","background-media":"","overlay-type":"","overlay-color":"","overlay-opacity":"","overlay-gradient":""},"mobile":{"background-color":"","background-image":"","background-repeat":"repeat","background-position":"center center","background-size":"auto","background-attachment":"scroll","background-type":"","background-media":"","overlay-type":"","overlay-color":"","overlay-opacity":"","overlay-gradient":""}},"ast-content-background-meta":{"desktop":{"background-color":"var(--ast-global-color-4)","background-image":"","background-repeat":"repeat","background-position":"center center","background-size":"auto","background-attachment":"scroll","background-type":"","background-media":"","overlay-type":"","overlay-color":"","overlay-opacity":"","overlay-gradient":""},"tablet":{"background-color":"var(--ast-global-color-4)","background-image":"","background-repeat":"repeat","background-position":"center center","background-size":"auto","background-attachment":"scroll","background-type":"","background-media":"","overlay-type":"","overlay-color":"","overlay-opacity":"","overlay-gradient":""},"mobile":{"background-color":"var(--ast-global-color-4)","background-image":"","background-repeat":"repeat","background-position":"center center","background-size":"auto","background-attachment":"scroll","background-type":"","background-media":"","overlay-type":"","overlay-color":"","overlay-opacity":"","overlay-gradient":""}},"_joinchat":[],"_links_to":"","_links_to_target":""},"product_brand":[],"product_cat":[70,84,86,107,76,71],"product_tag":[110,89,88,132,116,90,92,114,112,111],"categoria":[],"class_list":{"0":"post-5037","1":"product","2":"type-product","3":"status-publish","4":"has-post-thumbnail","6":"product_cat-antropometros","7":"product_cat-cintas","8":"product_cat-des","9":"product_cat-equipo","10":"product_cat-kits","11":"product_cat-plicometros","12":"product_tag-antropometria","13":"product_tag-antropometro","14":"product_tag-cinta","15":"product_tag-cinta-antropometrica","16":"product_tag-circunferencias","17":"product_tag-diametros","18":"product_tag-diametros-oseos-pequenos","19":"product_tag-equipo-antropometrico","20":"product_tag-kit","21":"product_tag-plicometro","22":"desktop-align-left","23":"tablet-align-left","24":"mobile-align-left","26":"first","27":"instock","28":"sale","29":"featured","30":"shipping-taxable","31":"purchasable","32":"product-type-simple"},"acf":[],"aioseo_notices":[],"_links":{"self":[{"href":"https:\/\/anthropometrica.mx\/tienda\/wp-json\/wp\/v2\/product\/5037","targetHints":{"allow":["GET"]}}],"collection":[{"href":"https:\/\/anthropometrica.mx\/tienda\/wp-json\/wp\/v2\/product"}],"about":[{"href":"https:\/\/anthropometrica.mx\/tienda\/wp-json\/wp\/v2\/types\/product"}],"replies":[{"embeddable":true,"href":"https:\/\/anthropometrica.mx\/tienda\/wp-json\/wp\/v2\/comments?post=5037"}],"wp:featuredmedia":[{"embeddable":true,"href":"https:\/\/anthropometrica.mx\/tienda\/wp-json\/wp\/v2\/media\/6335"}],"wp:attachment":[{"href":"https:\/\/anthropometrica.mx\/tienda\/wp-json\/wp\/v2\/media?parent=5037"}],"wp:term":[{"taxonomy":"product_brand","embeddable":true,"href":"https:\/\/anthropometrica.mx\/tienda\/wp-json\/wp\/v2\/product_brand?post=5037"},{"taxonomy":"product_cat","embeddable":true,"href":"https:\/\/anthropometrica.mx\/tienda\/wp-json\/wp\/v2\/product_cat?post=5037"},{"taxonomy":"product_tag","embeddable":true,"href":"https:\/\/anthropometrica.mx\/tienda\/wp-json\/wp\/v2\/product_tag?post=5037"},{"taxonomy":"categoria","embeddable":true,"href":"https:\/\/anthropometrica.mx\/tienda\/wp-json\/wp\/v2\/categoria?post=5037"}],"curies":[{"name":"wp","href":"https:\/\/api.w.org\/{rel}","templated":true}]}}