{"id":4890,"date":"2019-05-27T16:39:31","date_gmt":"2019-05-27T16:39:31","guid":{"rendered":"https:\/\/anthropometrica.mx\/tienda\/?post_type=product&#038;p=4890"},"modified":"2026-04-01T00:44:06","modified_gmt":"2026-04-01T00:44:06","slug":"antropometro-slide","status":"publish","type":"product","link":"https:\/\/anthropometrica.mx\/tienda\/producto\/antropometro-slide\/","title":{"rendered":"Antrop\u00f3metro Slide"},"content":{"rendered":"<p><strong>Utilidad:<\/strong> Medici\u00f3n de di\u00e1metros \u00f3seos peque\u00f1os.<\/p>\n<p>&nbsp;<\/p>\n<ul>\n<li><strong>Material:<\/strong> Pl\u00e1stico ABS.<\/li>\n<li><strong>Rango de medici\u00f3n: <\/strong>1 &#8211; 20 cm.<\/li>\n<li><strong>Resoluci\u00f3n: <\/strong>1 mm.<\/li>\n<li><strong>Amplitud: <\/strong>203 mm.<\/li>\n<li><strong>Peso:\u00a0<\/strong>130 gr con embalaje.<\/li>\n<li>Resistente a golpes y ca\u00eddas .<\/li>\n<li>Gran facilidad de desplazamiento\u00a0y precisi\u00f3n<\/li>\n<\/ul>\n<p>&nbsp;<\/p>\n<p>El Antrop\u00f3metro Slide est\u00e1 dise\u00f1ado espec\u00edficamente para la medici\u00f3n de di\u00e1metros \u00f3seos peque\u00f1os (humeral, femoral, bimaleolar, biestiloideo, etc\u00e9tera). Su mecanismo de movimiento basado en el principio de rama deslizante asegura una facilidad de desplazamiento y precisi\u00f3n en la medici\u00f3n, brindando comodidad y facilidad de lectura.<\/p>\n<p>El Antrop\u00f3metro Slide evita la probabilidad de ocasionar un deslizamiento no deseable en las puntas de las ramas y\/o en la base cuando se aplica presi\u00f3n sobre las mismas. Su elaboraci\u00f3n en poliestireno de alto impacto lo vuelve resistente a ca\u00eddas y golpes.<\/p>\n","protected":false},"excerpt":{"rendered":"<p>Utilidad: Medici\u00f3n de di\u00e1metros \u00f3seos peque\u00f1os. &nbsp; Material: Pl\u00e1stico ABS. Rango de medici\u00f3n: 1 &#8211; 20 cm. Resoluci\u00f3n: 1 mm. [&hellip;]<\/p>\n","protected":false},"featured_media":5287,"comment_status":"open","ping_status":"closed","template":"","meta":{"_acf_changed":false,"site-sidebar-layout":"default","site-content-layout":"","ast-site-content-layout":"default","site-content-style":"default","site-sidebar-style":"default","ast-global-header-display":"","ast-banner-title-visibility":"","ast-main-header-display":"","ast-hfb-above-header-display":"","ast-hfb-below-header-display":"","ast-hfb-mobile-header-display":"","site-post-title":"","ast-breadcrumbs-content":"","ast-featured-img":"","footer-sml-layout":"","theme-transparent-header-meta":"","adv-header-id-meta":"","stick-header-meta":"","header-above-stick-meta":"","header-main-stick-meta":"","header-below-stick-meta":"","astra-migrate-meta-layouts":"default","ast-page-background-enabled":"default","ast-page-background-meta":{"desktop":{"background-color":"var(--ast-global-color-5)","background-image":"","background-repeat":"repeat","background-position":"center center","background-size":"auto","background-attachment":"scroll","background-type":"","background-media":"","overlay-type":"","overlay-color":"","overlay-opacity":"","overlay-gradient":""},"tablet":{"background-color":"","background-image":"","background-repeat":"repeat","background-position":"center center","background-size":"auto","background-attachment":"scroll","background-type":"","background-media":"","overlay-type":"","overlay-color":"","overlay-opacity":"","overlay-gradient":""},"mobile":{"background-color":"","background-image":"","background-repeat":"repeat","background-position":"center center","background-size":"auto","background-attachment":"scroll","background-type":"","background-media":"","overlay-type":"","overlay-color":"","overlay-opacity":"","overlay-gradient":""}},"ast-content-background-meta":{"desktop":{"background-color":"var(--ast-global-color-4)","background-image":"","background-repeat":"repeat","background-position":"center center","background-size":"auto","background-attachment":"scroll","background-type":"","background-media":"","overlay-type":"","overlay-color":"","overlay-opacity":"","overlay-gradient":""},"tablet":{"background-color":"var(--ast-global-color-4)","background-image":"","background-repeat":"repeat","background-position":"center center","background-size":"auto","background-attachment":"scroll","background-type":"","background-media":"","overlay-type":"","overlay-color":"","overlay-opacity":"","overlay-gradient":""},"mobile":{"background-color":"var(--ast-global-color-4)","background-image":"","background-repeat":"repeat","background-position":"center center","background-size":"auto","background-attachment":"scroll","background-type":"","background-media":"","overlay-type":"","overlay-color":"","overlay-opacity":"","overlay-gradient":""}},"_joinchat":[],"_links_to":"","_links_to_target":""},"product_brand":[],"product_cat":[70,86,107],"product_tag":[110,89,90,92,114,91,93],"categoria":[],"class_list":{"0":"post-4890","1":"product","2":"type-product","3":"status-publish","4":"has-post-thumbnail","6":"product_cat-antropometros","7":"product_cat-des","8":"product_cat-equipo","9":"product_tag-antropometria","10":"product_tag-antropometro","11":"product_tag-diametros","12":"product_tag-diametros-oseos-pequenos","13":"product_tag-equipo-antropometrico","14":"product_tag-longitudes","15":"product_tag-slide","16":"desktop-align-left","17":"tablet-align-left","18":"mobile-align-left","20":"first","21":"instock","22":"featured","23":"shipping-taxable","24":"purchasable","25":"product-type-simple"},"acf":[],"aioseo_notices":[],"_links":{"self":[{"href":"https:\/\/anthropometrica.mx\/tienda\/wp-json\/wp\/v2\/product\/4890","targetHints":{"allow":["GET"]}}],"collection":[{"href":"https:\/\/anthropometrica.mx\/tienda\/wp-json\/wp\/v2\/product"}],"about":[{"href":"https:\/\/anthropometrica.mx\/tienda\/wp-json\/wp\/v2\/types\/product"}],"replies":[{"embeddable":true,"href":"https:\/\/anthropometrica.mx\/tienda\/wp-json\/wp\/v2\/comments?post=4890"}],"wp:featuredmedia":[{"embeddable":true,"href":"https:\/\/anthropometrica.mx\/tienda\/wp-json\/wp\/v2\/media\/5287"}],"wp:attachment":[{"href":"https:\/\/anthropometrica.mx\/tienda\/wp-json\/wp\/v2\/media?parent=4890"}],"wp:term":[{"taxonomy":"product_brand","embeddable":true,"href":"https:\/\/anthropometrica.mx\/tienda\/wp-json\/wp\/v2\/product_brand?post=4890"},{"taxonomy":"product_cat","embeddable":true,"href":"https:\/\/anthropometrica.mx\/tienda\/wp-json\/wp\/v2\/product_cat?post=4890"},{"taxonomy":"product_tag","embeddable":true,"href":"https:\/\/anthropometrica.mx\/tienda\/wp-json\/wp\/v2\/product_tag?post=4890"},{"taxonomy":"categoria","embeddable":true,"href":"https:\/\/anthropometrica.mx\/tienda\/wp-json\/wp\/v2\/categoria?post=4890"}],"curies":[{"name":"wp","href":"https:\/\/api.w.org\/{rel}","templated":true}]}}