{"id":47,"date":"2018-08-07T17:24:58","date_gmt":"2018-08-07T17:24:58","guid":{"rendered":"http:\/\/anthropometrica.mx\/?page_id=47"},"modified":"2022-07-08T16:01:46","modified_gmt":"2022-07-08T16:01:46","slug":"contacto","status":"publish","type":"page","link":"https:\/\/anthropometrica.mx\/tienda\/contacto\/","title":{"rendered":"Contacto"},"content":{"rendered":"<div class=\"wpb-content-wrapper\"><p>[vc_row full_width=\u00bbstretch_row_content_no_spaces\u00bb][vc_column][vc_gmaps link=\u00bb#E-8_JTNDaWZyYW1lJTIwc3JjJTNEJTIyaHR0cHMlM0ElMkYlMkZ3d3cuZ29vZ2xlLmNvbSUyRm1hcHMlMkZlbWJlZCUzRnBiJTNEJTIxMW0xOCUyMTFtMTIlMjExbTMlMjExZDkzMS4wNjMzMjgxODE1Njg5JTIxMmQtODkuNjI2MDU1MTcwODA1MDklMjEzZDIxLjAyMjU0Nzk5OTEyNTEyJTIxMm0zJTIxMWYwJTIxMmYwJTIxM2YwJTIxM20yJTIxMWkxMDI0JTIxMmk3NjglMjE0ZjEzLjElMjEzbTMlMjExbTIlMjExczB4OGY1Njc0MjAwZjRkNWQzZiUyNTNBMHhiMGI0MmI2OWE1Y2EyM2Q4JTIxMnNBbnRocm9wb21ldHJpY2ElMkJib2R5JTJCbWVhc3VyZW1lbnRzJTIxNWUwJTIxM20yJTIxMXNlcyUyMTJzbXglMjE0djE1MzYyNjI5Mzk1MzElMjIlMjB3aWR0aCUzRCUyMjYwMCUyMiUyMGhlaWdodCUzRCUyMjQ1MCUyMiUyMGZyYW1lYm9yZGVyJTNEJTIyMCUyMiUyMHN0eWxlJTNEJTIyYm9yZGVyJTNBMCUyMiUyMGFsbG93ZnVsbHNjcmVlbiUzRSUzQyUyRmlmcmFtZSUzRQ==\u00bb size=\u00bb400px\u00bb][\/vc_column][\/vc_row][vc_row gap=\u00bb10&#8243; css=\u00bb.vc_custom_1534904020221{padding-top: 25px !important;padding-bottom: 45px !important;}\u00bb][vc_column width=\u00bb2\/3&#8243;]\n<div class=\"wpcf7 no-js\" id=\"wpcf7-f4267-o1\" lang=\"es-ES\" dir=\"ltr\" data-wpcf7-id=\"4267\">\n<div class=\"screen-reader-response\"><p role=\"status\" aria-live=\"polite\" aria-atomic=\"true\"><\/p> <ul><\/ul><\/div>\n<form action=\"\/tienda\/wp-json\/wp\/v2\/pages\/47#wpcf7-f4267-o1\" method=\"post\" class=\"wpcf7-form init\" aria-label=\"Formulario de contacto\" novalidate=\"novalidate\" data-status=\"init\">\n<fieldset class=\"hidden-fields-container\"><input type=\"hidden\" name=\"_wpcf7\" value=\"4267\" \/><input type=\"hidden\" name=\"_wpcf7_version\" value=\"6.1.3\" \/><input type=\"hidden\" name=\"_wpcf7_locale\" value=\"es_ES\" \/><input type=\"hidden\" name=\"_wpcf7_unit_tag\" value=\"wpcf7-f4267-o1\" \/><input type=\"hidden\" name=\"_wpcf7_container_post\" value=\"0\" \/><input type=\"hidden\" name=\"_wpcf7_posted_data_hash\" value=\"\" \/>\n<\/fieldset>\n<div class=\"form-wrapper\">\n\t<div class=\"cell1\">\n\t\t<p><span class=\"wpcf7-form-control-wrap\" data-name=\"your-name\"><input size=\"40\" maxlength=\"400\" class=\"wpcf7-form-control wpcf7-text wpcf7-validates-as-required\" aria-required=\"true\" aria-invalid=\"false\" placeholder=\"Nombre\" value=\"\" type=\"text\" name=\"your-name\" \/><\/span>\n\t\t<\/p>\n\t<\/div>\n\t<div class=\"cell2\">\n\t\t<p><span class=\"wpcf7-form-control-wrap\" data-name=\"your-tel\"><input size=\"40\" maxlength=\"400\" class=\"wpcf7-form-control wpcf7-text wpcf7-validates-as-required\" aria-required=\"true\" aria-invalid=\"false\" placeholder=\"Tel\u00e9fono\" value=\"\" type=\"text\" name=\"your-tel\" \/><\/span>\n\t\t<\/p>\n\t<\/div>\n\t<div class=\"cell3\">\n\t\t<p><span class=\"wpcf7-form-control-wrap\" data-name=\"your-email\"><input size=\"40\" maxlength=\"400\" class=\"wpcf7-form-control wpcf7-email wpcf7-validates-as-required wpcf7-text wpcf7-validates-as-email\" aria-required=\"true\" aria-invalid=\"false\" placeholder=\"Correo Electr\u00f3nico\" value=\"\" type=\"email\" name=\"your-email\" \/><\/span>\n\t\t<\/p>\n\t<\/div>\n<\/div>\n<div class=\"cellfull\">\n\t<p><span class=\"wpcf7-form-control-wrap\" data-name=\"your-message\"><textarea cols=\"40\" rows=\"10\" maxlength=\"2000\" class=\"wpcf7-form-control wpcf7-textarea\" aria-invalid=\"false\" placeholder=\"Mensaje\" name=\"your-message\"><\/textarea><\/span>\n\t<\/p>\n<\/div>\n<div class=\"cellfull\">\n\t<p><input class=\"wpcf7-form-control wpcf7-submit has-spinner button\" type=\"submit\" value=\"ENVIAR MENSAJE\" \/>\n\t<\/p>\n<\/div><div class=\"wpcf7-response-output\" aria-hidden=\"true\"><\/div>\n<\/form>\n<\/div>\n[\/vc_column][vc_column width=\u00bb1\/3&#8243;]<div id=\"ultimate-heading-636969d8c5708739b\" class=\"uvc-heading ult-adjust-bottom-margin ultimate-heading-636969d8c5708739b uvc-4278 \" data-hspacer=\"no_spacer\"  data-halign=\"left\" style=\"text-align:left\"><div class=\"uvc-heading-spacer no_spacer\" style=\"top\"><\/div><div class=\"uvc-main-heading ult-responsive\"  data-ultimate-target='.uvc-heading.ultimate-heading-636969d8c5708739b h3'  data-responsive-json-new='{\"font-size\":\"desktop:24px;\",\"line-height\":\"desktop:30px;\"}' ><h3 style=\"font-family:&#039;Raleway&#039;;font-weight:700;margin-bottom:15px;\">CONT\u00c1CTANOS<\/h3><\/div><div class=\"uvc-sub-heading ult-responsive\"  data-ultimate-target='.uvc-heading.ultimate-heading-636969d8c5708739b .uvc-sub-heading '  data-responsive-json-new='{\"font-size\":\"desktop:14px;\",\"line-height\":\"desktop:24px;\"}'  style=\"font-family:&#039;Raleway&#039;;font-weight:normal;\"><strong>\u00bfTienes dudas y necesitas llamarnos o enviarnos un mensaje?<\/strong>. Llena la forma y te responderemos a la brevedad o ll\u00e1manos a cualquiera de nuestros tel\u00e9fonos.<\/div><\/div>[vc_empty_space height=\u00bb20px\u00bb]<div class=\"aio-icon-component  vc_custom_1657296101269   style_1\"><a class=\"aio-icon-box-link\" href=\"tel:999 944 93 44\" target=\"_blank\" rel=\"noopener\" ><div id=\"Info-box-wrap-6908\" class=\"aio-icon-box left-icon\" style=\"\"  ><div class=\"aio-icon-left\"><div class=\"ult-just-icon-wrapper  \"><div class=\"align-icon\" style=\"text-align:center;\">\n<div class=\"aio-icon none \"  style=\"color:#1a3665;font-size:18px;display:inline-block;\">\n\t<i class=\"Defaults-phone\"><\/i>\n<\/div><\/div><\/div><\/div><div class=\"aio-ibd-block\"><div class=\"aio-icon-description ult-responsive\"  data-ultimate-target='#Info-box-wrap-6908 .aio-icon-description'  data-responsive-json-new='{\"font-size\":\"desktop:14px;\",\"line-height\":\"desktop:14px;\"}'  style=\"font-family:&#039;Raleway&#039;;\">999 944 93 44<\/div> <!-- description --><\/div> <!-- aio-ibd-block --><\/div> <!-- aio-icon-box --><\/a><\/div> <!-- aio-icon-component --><div class=\"aio-icon-component  vc_custom_1534988160180   style_1\"><a class=\"aio-icon-box-link\" href=\"mailto:info@anthropometrica.mx\" target=\"_blank\" rel=\"noopener\" ><div id=\"Info-box-wrap-3482\" class=\"aio-icon-box left-icon\" style=\"\"  ><div class=\"aio-icon-left\"><div class=\"ult-just-icon-wrapper  \"><div class=\"align-icon\" style=\"text-align:center;\">\n<div class=\"aio-icon none \"  style=\"color:#1a3665;font-size:18px;display:inline-block;\">\n\t<i class=\"Defaults-envelope-o\"><\/i>\n<\/div><\/div><\/div><\/div><div class=\"aio-ibd-block\"><div class=\"aio-icon-description ult-responsive\"  data-ultimate-target='#Info-box-wrap-3482 .aio-icon-description'  data-responsive-json-new='{\"font-size\":\"desktop:14px;\",\"line-height\":\"desktop:14px;\"}'  style=\"font-family:&#039;Raleway&#039;;\">info@anthropometrica.mx<\/div> <!-- description --><\/div> <!-- aio-ibd-block --><\/div> <!-- aio-icon-box --><\/a><\/div> <!-- aio-icon-component --><div class=\"aio-icon-component  vc_custom_1534988171525   style_1\"><div id=\"Info-box-wrap-1813\" class=\"aio-icon-box left-icon\" style=\"\"  ><div class=\"aio-icon-left\"><div class=\"ult-just-icon-wrapper  \"><div class=\"align-icon\" style=\"text-align:center;\">\n<div class=\"aio-icon none \"  style=\"color:#1a3665;font-size:18px;display:inline-block;\">\n\t<i class=\"Defaults-map-marker\"><\/i>\n<\/div><\/div><\/div><\/div><div class=\"aio-ibd-block\"><div class=\"aio-icon-description ult-responsive\"  data-ultimate-target='#Info-box-wrap-1813 .aio-icon-description'  data-responsive-json-new='{\"font-size\":\"desktop:14px;\",\"line-height\":\"desktop:20px;\"}'  style=\"font-family:&#039;Raleway&#039;;\">Calle 1B No. 392 A entre 10, Colonia Gonzalo Guerrero, C.P. 97118, M\u00e9rida, Yucat\u00e1n, M\u00e9xico.<\/div> <!-- description --><\/div> <!-- aio-ibd-block --><\/div> <!-- aio-icon-box --><\/div> <!-- aio-icon-component -->[vc_empty_space height=\u00bb20px\u00bb][vc_custom_heading text=\u00bbS\u00cdGUENOS\u00bb font_container=\u00bbtag:h5|font_size:20px|text_align:left|line_height:20px\u00bb use_theme_fonts=\u00bbyes\u00bb css=\u00bb.vc_custom_1534904267354{margin-bottom: 15px !important;}\u00bb]<div class=\"  uavc-icons \">\n<a class=\"aio-tooltip 69d8c570876c2\" href=\"https:\/\/www.facebook.com\/anthropometrica\/\"  data-toggle=\"tooltip\" data-placement=\"\" title=\"\"><div class=\"aio-icon circle \" data-animation=\"\" data-animation-delay=\"03\" style=\"color:#f5f5f5;background:#1b4e7a;font-size:14px;margin-right:7px;\">\n\t<i class=\"Defaults-facebook facebook-f\"><\/i>\n<\/div><\/a>\n<a class=\"aio-tooltip 69d8c570876e2\" href=\"https:\/\/twitter.com\/anthropometrica\"  data-toggle=\"tooltip\" data-placement=\"\" title=\"\"><div class=\"aio-icon circle \" data-animation=\"\" data-animation-delay=\"03\" style=\"color:#f5f5f5;background:#1b4e7a;font-size:14px;margin-right:7px;\">\n\t<i class=\"Defaults-twitter\"><\/i>\n<\/div><\/a>\n<a class=\"aio-tooltip 69d8c570876f8\" href=\"https:\/\/www.instagram.com\/anthropometrica\/\"  data-toggle=\"tooltip\" data-placement=\"\" title=\"\"><div class=\"aio-icon circle \" data-animation=\"\" data-animation-delay=\"03\" style=\"color:#f5f5f5;background:#1b4e7a;font-size:14px;margin-right:7px;\">\n\t<i class=\"Defaults-instagram\"><\/i>\n<\/div><\/a>\n<a class=\"aio-tooltip 69d8c5708770d\" href=\"https:\/\/www.youtube.com\/channel\/UC97bt8DqzuUqHzLi--PW-Wg\"  data-toggle=\"tooltip\" data-placement=\"\" title=\"\"><div class=\"aio-icon circle \" data-animation=\"\" data-animation-delay=\"03\" style=\"color:#f5f5f5;background:#1b4e7a;font-size:14px;margin-right:7px;\">\n\t<i class=\"Defaults-youtube-play\"><\/i>\n<\/div><\/a><\/div>[\/vc_column][\/vc_row]<\/p>\n<\/div>","protected":false},"excerpt":{"rendered":"<p>[vc_row full_width=\u00bbstretch_row_content_no_spaces\u00bb][vc_column][vc_gmaps link=\u00bb#E-8_JTNDaWZyYW1lJTIwc3JjJTNEJTIyaHR0cHMlM0ElMkYlMkZ3d3cuZ29vZ2xlLmNvbSUyRm1hcHMlMkZlbWJlZCUzRnBiJTNEJTIxMW0xOCUyMTFtMTIlMjExbTMlMjExZDkzMS4wNjMzMjgxODE1Njg5JTIxMmQtODkuNjI2MDU1MTcwODA1MDklMjEzZDIxLjAyMjU0Nzk5OTEyNTEyJTIxMm0zJTIxMWYwJTIxMmYwJTIxM2YwJTIxM20yJTIxMWkxMDI0JTIxMmk3NjglMjE0ZjEzLjElMjEzbTMlMjExbTIlMjExczB4OGY1Njc0MjAwZjRkNWQzZiUyNTNBMHhiMGI0MmI2OWE1Y2EyM2Q4JTIxMnNBbnRocm9wb21ldHJpY2ElMkJib2R5JTJCbWVhc3VyZW1lbnRzJTIxNWUwJTIxM20yJTIxMXNlcyUyMTJzbXglMjE0djE1MzYyNjI5Mzk1MzElMjIlMjB3aWR0aCUzRCUyMjYwMCUyMiUyMGhlaWdodCUzRCUyMjQ1MCUyMiUyMGZyYW1lYm9yZGVyJTNEJTIyMCUyMiUyMHN0eWxlJTNEJTIyYm9yZGVyJTNBMCUyMiUyMGFsbG93ZnVsbHNjcmVlbiUzRSUzQyUyRmlmcmFtZSUzRQ==\u00bb size=\u00bb400px\u00bb][\/vc_column][\/vc_row][vc_row gap=\u00bb10&#8243; css=\u00bb.vc_custom_1534904020221{padding-top: 25px !important;padding-bottom: 45px !important;}\u00bb][vc_column width=\u00bb2\/3&#8243;][\/vc_column][vc_column width=\u00bb1\/3&#8243;][vc_empty_space height=\u00bb20px\u00bb][vc_empty_space height=\u00bb20px\u00bb][vc_custom_heading text=\u00bbS\u00cdGUENOS\u00bb font_container=\u00bbtag:h5|font_size:20px|text_align:left|line_height:20px\u00bb use_theme_fonts=\u00bbyes\u00bb css=\u00bb.vc_custom_1534904267354{margin-bottom: 15px !important;}\u00bb][\/vc_column][\/vc_row]<\/p>\n","protected":false},"author":1,"featured_media":0,"parent":0,"menu_order":0,"comment_status":"closed","ping_status":"closed","template":"","meta":{"_acf_changed":false,"site-sidebar-layout":"no-sidebar","site-content-layout":"plain-container","ast-site-content-layout":"default","site-content-style":"default","site-sidebar-style":"default","ast-global-header-display":"","ast-banner-title-visibility":"","ast-main-header-display":"","ast-hfb-above-header-display":"","ast-hfb-below-header-display":"","ast-hfb-mobile-header-display":"","site-post-title":"disabled","ast-breadcrumbs-content":"","ast-featured-img":"disabled","footer-sml-layout":"","theme-transparent-header-meta":"","adv-header-id-meta":"","stick-header-meta":"","header-above-stick-meta":"","header-main-stick-meta":"","header-below-stick-meta":"","astra-migrate-meta-layouts":"default","ast-page-background-enabled":"default","ast-page-background-meta":{"desktop":{"background-color":"var(--ast-global-color-5)","background-image":"","background-repeat":"repeat","background-position":"center center","background-size":"auto","background-attachment":"scroll","background-type":"","background-media":"","overlay-type":"","overlay-color":"","overlay-opacity":"","overlay-gradient":""},"tablet":{"background-color":"","background-image":"","background-repeat":"repeat","background-position":"center center","background-size":"auto","background-attachment":"scroll","background-type":"","background-media":"","overlay-type":"","overlay-color":"","overlay-opacity":"","overlay-gradient":""},"mobile":{"background-color":"","background-image":"","background-repeat":"repeat","background-position":"center center","background-size":"auto","background-attachment":"scroll","background-type":"","background-media":"","overlay-type":"","overlay-color":"","overlay-opacity":"","overlay-gradient":""}},"ast-content-background-meta":{"desktop":{"background-color":"var(--ast-global-color-4)","background-image":"","background-repeat":"repeat","background-position":"center center","background-size":"auto","background-attachment":"scroll","background-type":"","background-media":"","overlay-type":"","overlay-color":"","overlay-opacity":"","overlay-gradient":""},"tablet":{"background-color":"var(--ast-global-color-4)","background-image":"","background-repeat":"repeat","background-position":"center center","background-size":"auto","background-attachment":"scroll","background-type":"","background-media":"","overlay-type":"","overlay-color":"","overlay-opacity":"","overlay-gradient":""},"mobile":{"background-color":"var(--ast-global-color-4)","background-image":"","background-repeat":"repeat","background-position":"center center","background-size":"auto","background-attachment":"scroll","background-type":"","background-media":"","overlay-type":"","overlay-color":"","overlay-opacity":"","overlay-gradient":""}},"_joinchat":[],"footnotes":"","_links_to":"","_links_to_target":""},"class_list":["post-47","page","type-page","status-publish","hentry"],"acf":[],"aioseo_notices":[],"_links":{"self":[{"href":"https:\/\/anthropometrica.mx\/tienda\/wp-json\/wp\/v2\/pages\/47","targetHints":{"allow":["GET"]}}],"collection":[{"href":"https:\/\/anthropometrica.mx\/tienda\/wp-json\/wp\/v2\/pages"}],"about":[{"href":"https:\/\/anthropometrica.mx\/tienda\/wp-json\/wp\/v2\/types\/page"}],"author":[{"embeddable":true,"href":"https:\/\/anthropometrica.mx\/tienda\/wp-json\/wp\/v2\/users\/1"}],"replies":[{"embeddable":true,"href":"https:\/\/anthropometrica.mx\/tienda\/wp-json\/wp\/v2\/comments?post=47"}],"version-history":[{"count":13,"href":"https:\/\/anthropometrica.mx\/tienda\/wp-json\/wp\/v2\/pages\/47\/revisions"}],"predecessor-version":[{"id":6012,"href":"https:\/\/anthropometrica.mx\/tienda\/wp-json\/wp\/v2\/pages\/47\/revisions\/6012"}],"wp:attachment":[{"href":"https:\/\/anthropometrica.mx\/tienda\/wp-json\/wp\/v2\/media?parent=47"}],"curies":[{"name":"wp","href":"https:\/\/api.w.org\/{rel}","templated":true}]}}