{"id":4622,"date":"2018-11-05T05:56:13","date_gmt":"2018-11-05T05:56:13","guid":{"rendered":"https:\/\/anthropometrica.mx\/tienda\/request-quote\/"},"modified":"2019-03-07T21:14:10","modified_gmt":"2019-03-07T21:14:10","slug":"solicitud-de-presupuesto","status":"publish","type":"page","link":"https:\/\/anthropometrica.mx\/tienda\/solicitud-de-presupuesto\/","title":{"rendered":"Solicitud de Presupuesto"},"content":{"rendered":"<div class=\"wpb-content-wrapper\"><p>[vc_row][vc_column]<div id=\"ultimate-heading-80969d8c56e8a6a4\" class=\"uvc-heading ult-adjust-bottom-margin ultimate-heading-80969d8c56e8a6a4 uvc-7339 \" data-hspacer=\"no_spacer\"  data-halign=\"center\" style=\"text-align:center\"><div class=\"uvc-heading-spacer no_spacer\" style=\"top\"><\/div><div class=\"uvc-main-heading ult-responsive\"  data-ultimate-target='.uvc-heading.ultimate-heading-80969d8c56e8a6a4 h2'  data-responsive-json-new='{\"font-size\":\"desktop:27px;\",\"line-height\":\"desktop:45px;\"}' ><h2 style=\"font-family:&#039;Raleway&#039;;font-weight:700;margin-top:23px;margin-bottom:20px;\">\u00bfTienes un pedido m\u00e1s grande?<\/h2><\/div><div class=\"uvc-sub-heading ult-responsive\"  data-ultimate-target='.uvc-heading.ultimate-heading-80969d8c56e8a6a4 .uvc-sub-heading '  data-responsive-json-new='{\"font-size\":\"desktop:14px;\",\"line-height\":\"desktop:26px;\"}'  style=\"font-family:&#039;Raleway&#039;;font-weight:normal;margin-bottom:23px;\">Si necesitas hacer un pedido con un n\u00famero mayor de productos solic\u00edtalo en la secci\u00f3n de mensaje de este formulario y te enviaremos tu presupuesto personalizado, o cont\u00e1ctanos directamente a ventas@anthropometrica.mx<\/div><\/div>[\/vc_column][\/vc_row][vc_row][vc_column][vc_column_text]\n<div class=\"woocommerce ywraq-wrapper ywraq-empty\">\n\t\t\t<div id=\"yith-ywraq-message\"><div class=\"ywraq-question-message\">\n\t<\/div>\n<\/div>\n\t\t\n\t\t\t\t<div class=\"ywraq-form-table-wrapper \">\n\t\t\t<div class=\"ywraq-before-form\">\n\t<p class=\"ywraq_list_empty_message\">Tu lista est\u00e1 vac\u00eda, a\u00f1ade productos a la lista para enviar una solicitud<p><p class=\"return-to-shop\"><a class=\"button wc-backward\" href=\"https:\/\/anthropometrica.mx\/tienda\/catalogo\/\">Volver a la tienda<\/a><\/p><\/div>\n\t\t\t\t\t<\/div>\n\t<\/div>\n[\/vc_column_text][\/vc_column][\/vc_row]<\/p>\n<\/div>","protected":false},"excerpt":{"rendered":"<p>[vc_row][vc_column][\/vc_column][\/vc_row][vc_row][vc_column][vc_column_text][\/vc_column_text][\/vc_column][\/vc_row]<\/p>\n","protected":false},"author":1,"featured_media":0,"parent":0,"menu_order":0,"comment_status":"closed","ping_status":"closed","template":"","meta":{"_acf_changed":false,"site-sidebar-layout":"no-sidebar","site-content-layout":"plain-container","ast-site-content-layout":"default","site-content-style":"default","site-sidebar-style":"default","ast-global-header-display":"","ast-banner-title-visibility":"","ast-main-header-display":"","ast-hfb-above-header-display":"","ast-hfb-below-header-display":"","ast-hfb-mobile-header-display":"","site-post-title":"disabled","ast-breadcrumbs-content":"","ast-featured-img":"disabled","footer-sml-layout":"","theme-transparent-header-meta":"","adv-header-id-meta":"","stick-header-meta":"","header-above-stick-meta":"","header-main-stick-meta":"","header-below-stick-meta":"","astra-migrate-meta-layouts":"default","ast-page-background-enabled":"default","ast-page-background-meta":{"desktop":{"background-color":"var(--ast-global-color-5)","background-image":"","background-repeat":"repeat","background-position":"center center","background-size":"auto","background-attachment":"scroll","background-type":"","background-media":"","overlay-type":"","overlay-color":"","overlay-opacity":"","overlay-gradient":""},"tablet":{"background-color":"","background-image":"","background-repeat":"repeat","background-position":"center center","background-size":"auto","background-attachment":"scroll","background-type":"","background-media":"","overlay-type":"","overlay-color":"","overlay-opacity":"","overlay-gradient":""},"mobile":{"background-color":"","background-image":"","background-repeat":"repeat","background-position":"center center","background-size":"auto","background-attachment":"scroll","background-type":"","background-media":"","overlay-type":"","overlay-color":"","overlay-opacity":"","overlay-gradient":""}},"ast-content-background-meta":{"desktop":{"background-color":"var(--ast-global-color-4)","background-image":"","background-repeat":"repeat","background-position":"center center","background-size":"auto","background-attachment":"scroll","background-type":"","background-media":"","overlay-type":"","overlay-color":"","overlay-opacity":"","overlay-gradient":""},"tablet":{"background-color":"var(--ast-global-color-4)","background-image":"","background-repeat":"repeat","background-position":"center center","background-size":"auto","background-attachment":"scroll","background-type":"","background-media":"","overlay-type":"","overlay-color":"","overlay-opacity":"","overlay-gradient":""},"mobile":{"background-color":"var(--ast-global-color-4)","background-image":"","background-repeat":"repeat","background-position":"center center","background-size":"auto","background-attachment":"scroll","background-type":"","background-media":"","overlay-type":"","overlay-color":"","overlay-opacity":"","overlay-gradient":""}},"_joinchat":[],"footnotes":"","_links_to":"","_links_to_target":""},"class_list":["post-4622","page","type-page","status-publish","hentry"],"acf":[],"aioseo_notices":[],"_links":{"self":[{"href":"https:\/\/anthropometrica.mx\/tienda\/wp-json\/wp\/v2\/pages\/4622","targetHints":{"allow":["GET"]}}],"collection":[{"href":"https:\/\/anthropometrica.mx\/tienda\/wp-json\/wp\/v2\/pages"}],"about":[{"href":"https:\/\/anthropometrica.mx\/tienda\/wp-json\/wp\/v2\/types\/page"}],"author":[{"embeddable":true,"href":"https:\/\/anthropometrica.mx\/tienda\/wp-json\/wp\/v2\/users\/1"}],"replies":[{"embeddable":true,"href":"https:\/\/anthropometrica.mx\/tienda\/wp-json\/wp\/v2\/comments?post=4622"}],"version-history":[{"count":5,"href":"https:\/\/anthropometrica.mx\/tienda\/wp-json\/wp\/v2\/pages\/4622\/revisions"}],"predecessor-version":[{"id":4781,"href":"https:\/\/anthropometrica.mx\/tienda\/wp-json\/wp\/v2\/pages\/4622\/revisions\/4781"}],"wp:attachment":[{"href":"https:\/\/anthropometrica.mx\/tienda\/wp-json\/wp\/v2\/media?parent=4622"}],"curies":[{"name":"wp","href":"https:\/\/api.w.org\/{rel}","templated":true}]}}