{"id":4001,"date":"2018-08-15T18:58:34","date_gmt":"2018-08-15T18:58:34","guid":{"rendered":"http:\/\/anthropometrica.mx\/?page_id=4001"},"modified":"2018-08-24T22:34:42","modified_gmt":"2018-08-24T22:34:42","slug":"politicas-de-privacidad","status":"publish","type":"page","link":"https:\/\/anthropometrica.mx\/tienda\/politicas-de-privacidad\/","title":{"rendered":"Aviso de Privacidad"},"content":{"rendered":"<p><span style=\"font-weight: 400;\">De conformidad con la <\/span><b>Ley Federal de Protecci\u00f3n de Datos Personales en Posesi\u00f3n de Particulares<\/b><span style=\"font-weight: 400;\"> hacemos de su conocimiento que <\/span><b>ANTHROPOMETRICA body mesurements<\/b><span style=\"font-weight: 400;\">,<\/span> <span style=\"font-weight: 400;\">asociaci\u00f3n legalmente constituida de conformidad con las leyes mexicanas, con domicilio en<\/span><b> Calle 1B No.392A entre 10, Col. Gonzalo Guerrero C.P.97134, M\u00c9RIDA, YUCAT\u00c1N, M\u00c9XICO<\/b><span style=\"font-weight: 400;\"> es responsable del tratamiento, uso y protecci\u00f3n de los datos personales proporcionados por el usuario\/comprador.<\/span><\/p>\n<p><b>ANTHROPOMETRICA body mesurements <\/b><span style=\"font-weight: 400;\">hace de su conocimiento que tratar\u00e1 la informaci\u00f3n del usuario\/comprador de forma confidencial y ser\u00e1 utilizada \u00fanicamente para las siguientes finalidades: proveer productos\/servicios que ha solicitado; procesar y efectuar cobros\/pagos en l\u00ednea, solicitar facturas o comprobantes, responder cotizaciones o informaci\u00f3n de los productos\/servicios, notificarle sobre nuevos productos\/servicios, comunicarle sobre cambios en los mismos, realizar evaluaciones peri\u00f3dicas de nuestros productos\/servicios a efecto de mejorar la calidad de los mismos; evaluar la calidad del servicio que brindamos; crear perfiles personales para el Aula Virtual, para utilizar los distintos servicios digitales como la descarga de contenidos y formatos, notificar de problemas; cualquier otra actividad de naturaleza similar a las descritas previamente, y en general, para dar cumplimiento a las obligaciones que hemos contra\u00eddo con el usuario\/comprador.<\/span><\/p>\n<p><span style=\"font-weight: 400;\">Para las finalidades antes mencionadas, requerimos obtener los siguientes datos personales:<\/span><\/p>\n<ul>\n<li style=\"font-weight: 400;\"><span style=\"font-weight: 400;\">Nombre completo<\/span><\/li>\n<li style=\"font-weight: 400;\"><span style=\"font-weight: 400;\">Tel\u00e9fono fijo y\/o celular<\/span><\/li>\n<li style=\"font-weight: 400;\"><span style=\"font-weight: 400;\">Correo electr\u00f3nico<\/span><\/li>\n<li style=\"font-weight: 400;\"><span style=\"font-weight: 400;\">Direcci\u00f3n<\/span><\/li>\n<li style=\"font-weight: 400;\"><span style=\"font-weight: 400;\">RFC y\/o CURP<\/span><\/li>\n<li style=\"font-weight: 400;\"><span style=\"font-weight: 400;\">Servicios adquiridos<\/span><\/li>\n<li style=\"font-weight: 400;\"><span style=\"font-weight: 400;\">Firma aut\u00f3grafa<\/span><\/li>\n<li style=\"font-weight: 400;\"><span style=\"font-weight: 400;\">Nombre del contacto<\/span><\/li>\n<li style=\"font-weight: 400;\"><span style=\"font-weight: 400;\">N\u00famero de tarjeta de cr\u00e9dito<\/span><\/li>\n<\/ul>\n<p><span style=\"font-weight: 400;\">El usuario\/comprador es el \u00fanico responsable de la veracidad de la informaci\u00f3n otorgada.<\/span><\/p>\n<p><span style=\"font-weight: 400;\">Es importante que el usuario\/comprador est\u00e9 informado \u00a0que tiene derecho al acceso, rectificaci\u00f3n y cancelaci\u00f3n de sus datos personales, a oponerse al tratamiento de los mismos o a revocar el consentimiento que para dicho fin los haya otorgado. Para ello, es necesario que env\u00ede la solicitud en los t\u00e9rminos que marca la Ley v\u00eda correo electr\u00f3nico a <\/span><a href=\"mailto:info@anthropometrica.com.mx\"><span style=\"font-weight: 400;\">info@anthropometrica.com.mx<\/span><\/a> <span style=\"font-weight: 400;\">o se comunique al tel\u00e9fono (+52) 9994819517 para garantizar su correcta recepci\u00f3n.<\/span><\/p>\n<p><span style=\"font-weight: 400;\">Por otra parte, hacemos de su conocimiento que sus datos podr\u00e1n ser transferidos a entidades del mismo grupo de inter\u00e9s de la empresa, nacionales o extranjeras, con el objetivo de cumplir con las finalidades para las cuales ha proporcionado sus datos. En \u00e9ste sentido su informaci\u00f3n podr\u00e1 ser compartida con empresas con las que compartimos relaciones comerciales.<\/span><\/p>\n<p><span style=\"font-weight: 400;\">En caso de no obtener su oposici\u00f3n expresa para que sus datos personales sean transferidos en la forma y t\u00e9rminos antes descrita, se entender\u00e1 que ha otorgado su consentimiento en forma t\u00e1cita para ello.<\/span><\/p>\n","protected":false},"excerpt":{"rendered":"<p>De conformidad con la Ley Federal de Protecci\u00f3n de Datos Personales en Posesi\u00f3n de Particulares hacemos de su conocimiento que [&hellip;]<\/p>\n","protected":false},"author":1,"featured_media":0,"parent":0,"menu_order":0,"comment_status":"closed","ping_status":"closed","template":"","meta":{"_acf_changed":false,"site-sidebar-layout":"default","site-content-layout":"","ast-site-content-layout":"default","site-content-style":"default","site-sidebar-style":"default","ast-global-header-display":"","ast-banner-title-visibility":"","ast-main-header-display":"","ast-hfb-above-header-display":"","ast-hfb-below-header-display":"","ast-hfb-mobile-header-display":"","site-post-title":"","ast-breadcrumbs-content":"","ast-featured-img":"","footer-sml-layout":"","theme-transparent-header-meta":"","adv-header-id-meta":"","stick-header-meta":"","header-above-stick-meta":"","header-main-stick-meta":"","header-below-stick-meta":"","astra-migrate-meta-layouts":"default","ast-page-background-enabled":"default","ast-page-background-meta":{"desktop":{"background-color":"var(--ast-global-color-5)","background-image":"","background-repeat":"repeat","background-position":"center center","background-size":"auto","background-attachment":"scroll","background-type":"","background-media":"","overlay-type":"","overlay-color":"","overlay-opacity":"","overlay-gradient":""},"tablet":{"background-color":"","background-image":"","background-repeat":"repeat","background-position":"center center","background-size":"auto","background-attachment":"scroll","background-type":"","background-media":"","overlay-type":"","overlay-color":"","overlay-opacity":"","overlay-gradient":""},"mobile":{"background-color":"","background-image":"","background-repeat":"repeat","background-position":"center center","background-size":"auto","background-attachment":"scroll","background-type":"","background-media":"","overlay-type":"","overlay-color":"","overlay-opacity":"","overlay-gradient":""}},"ast-content-background-meta":{"desktop":{"background-color":"var(--ast-global-color-4)","background-image":"","background-repeat":"repeat","background-position":"center center","background-size":"auto","background-attachment":"scroll","background-type":"","background-media":"","overlay-type":"","overlay-color":"","overlay-opacity":"","overlay-gradient":""},"tablet":{"background-color":"var(--ast-global-color-4)","background-image":"","background-repeat":"repeat","background-position":"center center","background-size":"auto","background-attachment":"scroll","background-type":"","background-media":"","overlay-type":"","overlay-color":"","overlay-opacity":"","overlay-gradient":""},"mobile":{"background-color":"var(--ast-global-color-4)","background-image":"","background-repeat":"repeat","background-position":"center center","background-size":"auto","background-attachment":"scroll","background-type":"","background-media":"","overlay-type":"","overlay-color":"","overlay-opacity":"","overlay-gradient":""}},"_joinchat":[],"footnotes":"","_links_to":"","_links_to_target":""},"class_list":["post-4001","page","type-page","status-publish","hentry"],"acf":[],"aioseo_notices":[],"_links":{"self":[{"href":"https:\/\/anthropometrica.mx\/tienda\/wp-json\/wp\/v2\/pages\/4001","targetHints":{"allow":["GET"]}}],"collection":[{"href":"https:\/\/anthropometrica.mx\/tienda\/wp-json\/wp\/v2\/pages"}],"about":[{"href":"https:\/\/anthropometrica.mx\/tienda\/wp-json\/wp\/v2\/types\/page"}],"author":[{"embeddable":true,"href":"https:\/\/anthropometrica.mx\/tienda\/wp-json\/wp\/v2\/users\/1"}],"replies":[{"embeddable":true,"href":"https:\/\/anthropometrica.mx\/tienda\/wp-json\/wp\/v2\/comments?post=4001"}],"version-history":[{"count":2,"href":"https:\/\/anthropometrica.mx\/tienda\/wp-json\/wp\/v2\/pages\/4001\/revisions"}],"predecessor-version":[{"id":4335,"href":"https:\/\/anthropometrica.mx\/tienda\/wp-json\/wp\/v2\/pages\/4001\/revisions\/4335"}],"wp:attachment":[{"href":"https:\/\/anthropometrica.mx\/tienda\/wp-json\/wp\/v2\/media?parent=4001"}],"curies":[{"name":"wp","href":"https:\/\/api.w.org\/{rel}","templated":true}]}}