{"id":3999,"date":"2018-08-15T18:58:03","date_gmt":"2018-08-15T18:58:03","guid":{"rendered":"http:\/\/anthropometrica.mx\/?page_id=3999"},"modified":"2018-08-24T22:33:25","modified_gmt":"2018-08-24T22:33:25","slug":"terminos-condiciones","status":"publish","type":"page","link":"https:\/\/anthropometrica.mx\/tienda\/terminos-condiciones\/","title":{"rendered":"T\u00e9rminos &#038; Condiciones"},"content":{"rendered":"<p><b>Condiciones generales <\/b><\/p>\n<p><span style=\"font-weight: 400;\">El presente documento constituye los T\u00e9rminos y Condiciones de uso de este Sitio Web y de cualquier producto y contenido, o derivado, disponible por o a trav\u00e9s de ANTHROPOMETRICA, body measurements (el \u00abSitio Web\u201d). AL USAR EL SITIO WEB, USTED (el usuario\/comprador) ACEPTA Y EST\u00c1 DE ACUERDO CON ESTOS T\u00c9RMINOS Y CONDICIONES EN LO QUE SE REFIERE AL USO DEL SITIO WEB. Si usted no est\u00e1 de acuerdo con los presentes T\u00e9rminos y Condiciones, deber\u00e1 abstenerse a utilizar el Sitio Web y\/o adquirir los productos\/servicios que en su caso sean ofrecidos.<\/span><\/p>\n<p><span style=\"font-weight: 400;\">ANTHROPOMETRICA, body measurements puede cambiar de cualquier manera y actualizar los T\u00e9rminos y Condiciones en cualquier momento sin ninguna notificaci\u00f3n, iniciando su validez una vez publicados los cambios en el Sitio Web. Los T\u00e9rminos y Condiciones regir\u00e1n y prevalecer\u00e1n sin importar orden de compra u otros formularios antecedentes o precedentes al actual documento, por lo que no se considerar\u00e1n una negaci\u00f3n o renuncia a los T\u00e9rminos y Condiciones.<\/span><\/p>\n<p><span style=\"font-weight: 400;\">Al igual que el presente documento, el aspecto del Sitio Web, la informaci\u00f3n, productos y servicios publicados pueden recibir cambios en cualquier momento y sin previo aviso.<\/span><\/p>\n<p><span style=\"font-weight: 400;\">Los encabezados del presente documento se insertan \u00fanicamente para comodidad de referencia y no podr\u00e1n considerarse en la interpretaci\u00f3n del mismo.<\/span><\/p>\n<p><b>Condiciones de uso<\/b><\/p>\n<p><span style=\"font-weight: 400;\">A trav\u00e9s del Sitio Web se concede una licencia para que los usuarios utilicen \u00a0los productos que son vendidos de acuerdo a los T\u00e9rminos y Condiciones que se describen en este documento.<\/span><\/p>\n<p><span style=\"font-weight: 400;\">Cualquier distribuci\u00f3n, publicaci\u00f3n o explotaci\u00f3n comercial o promocional del Sitio Web, o de cualquiera de los contenidos, c\u00f3digos, datos o materiales, est\u00e1 estrictamente prohibida, a menos de que ANTHROPOMETRICA, body measurements otorgue el previo permiso expreso por escrito de la direcci\u00f3n general.<\/span><\/p>\n<p><span style=\"font-weight: 400;\">En caso de que aplique, el usurario\/comprador no puede descargar, informar, exponer, publicar, copiar, reproducir, distribuir, transmitir, modificar, ejecutar, difundir, transferir, crear trabajos derivados de, vender o de cualquier otra manera explotar cualquiera de los contenidos, c\u00f3digos, datos o materiales en o disponibles a trav\u00e9s del Sitio Web, modificados o sin modificar.<\/span><\/p>\n<p><span style=\"font-weight: 400;\">El usuario\/comprador se ve obligado a no alterar, editar, borrar, quitar, cambiar el significado, la apariencia o cambiar el prop\u00f3sito de cualquiera de los contenidos, c\u00f3digos, datos o materiales en o disponibles a trav\u00e9s del Sitio Web. Tambi\u00e9n se ve obligado a no alterar o retirar cualquier marca comercial, marca registrada, logo, marca de servicios o cualquier otro contenido de propiedad o notificaci\u00f3n de derechos de propiedad del Sitio Web.<\/span><\/p>\n<p><span style=\"font-weight: 400;\">En caso de que sea material\/producto descargable del Sitio Web, el usuario\/comprador no adquiere ning\u00fan derecho de propiedad al descargar alg\u00fan material con derechos de autor.<\/span><\/p>\n<p><span style=\"font-weight: 400;\">Si el usuario\/comprador hace otro uso no autorizado del Sitio Web, o de los contenidos, c\u00f3digos, datos o materiales que se encuentren o que est\u00e9n disponibles puede violar las leyes aplicables a los derechos de autor y puede ser sujeto a responsabilidad legal por dicho uso no autorizado.<\/span><\/p>\n<p><span style=\"font-weight: 400;\">ANTHROPOMETRICA, body measurements no se hace responsable si el usuario\/comprador es menor de edad.<\/span><\/p>\n<p><b>Sitios Web de Terceros<\/b><\/p>\n<p><span style=\"font-weight: 400;\">El Sitio Web puede contener enlaces a sitios web de terceros (Sitios Enlazados), ANTHROPOMETRICA, body measurements \u00a0no se hace responsable de los contenidos de dichos sitios o de cualquier enlace subsecuente, no garantiza que los contenidos del sitio web de alg\u00fan tercero sean exactos ni que cumplan con leyes estatales o federales o que cumplan con las leyes de derechos de autor o con otras leyes de propiedad intelectual en la Rep\u00fablica Mexicana. El usuario\/comprador reconoce y est\u00e1 de acuerdo en que ANTHROPOMETRICA, body measurements no tiene responsabilidad sobre la informaci\u00f3n, contenido, productos, servicios, anuncios, c\u00f3digos u otros materiales que puedan o no puedan ser proporcionados por o a trav\u00e9s de los Sitios Enlazados, a\u00fan si son propiedad de o son dirigidos por afiliados nuestros. <\/span><\/p>\n<p><span style=\"font-weight: 400;\">El usuario\/comprador tiene libertad de acceder a dichos Sitios Enlazados haci\u00e9ndolo bajo su propio riesgo, liberando a ANTHROPOMETRICA, body measurements de cualquier responsabilidad por dicha conducta.<\/span><\/p>\n<p><b>Derechos de autor y marca registrada<\/b><\/p>\n<p><span style=\"font-weight: 400;\">Las marcas comerciales y logos expuestos en el Sitio Web o en los contenidos disponibles a trav\u00e9s del Sitio Web son Marcas Comerciales de ANTHROPOMETRICA, body measurements y\/o de las empresas con las que tenga convenio, seg\u00fan corresponda, y no pueden ser usadas con respecto a productos y\/o servicios que no est\u00e9n relacionados, asociados o patrocinados por sus poseedores de derechos y que puedan causar confusi\u00f3n a los clientes o de alguna manera que denigre o desacredite a sus poseedores de derechos. <\/span><\/p>\n<p><span style=\"font-weight: 400;\">El mal uso de las Marcas Comerciales expuestas en el Sitio Web o en o a trav\u00e9s de cualquiera de los servicios del Sitio Web est\u00e1 estrictamente prohibido y puede tener consecuencias legales.<\/span><\/p>\n<p><span style=\"font-weight: 400;\">ANTHROPOMETRICA, body measurements es due\u00f1o \u00fanico y exclusivo de todos los derechos, t\u00edtulos y contenido en su Sitio Web (a menos que se indique lo contrario, por ejemplo, contenido de marcas con las que se tenga convenio), incluyendo audio, fotograf\u00edas, ilustraciones, gr\u00e1ficos, videos y diversos medios visuales, as\u00ed como textos, software, c\u00f3digos, datos y materiales del mismo. <\/span><\/p>\n<p><span style=\"font-weight: 400;\">Ning\u00fan usuario\/comprador puede declarar propiedad intelectual parcial o total de ninguno de nuestros productos, modificado o sin modificar. <\/span><\/p>\n<p><b>Productos y servicios<\/b><\/p>\n<p><span style=\"font-weight: 400;\">Tanto navegar en el Sitio Web como el uso de nuestros servicios y la compra de nuestros productos, implicar\u00e1 que el usuario\/comprador acepta y est\u00e1 de acuerdo con los T\u00e9rminos y Condiciones. <\/span><\/p>\n<p><span style=\"font-weight: 400;\">Si en alg\u00fan momento los productos y servicios ofrecidos en este Sitio Web pudieran verse implicados en la participaci\u00f3n de una p\u00e1gina de terceros (creados, cobrados, enviados o presentados), estos quedar\u00edan sujetos a sus propios T\u00e9rminos y Condiciones.<\/span><\/p>\n<p><span style=\"font-weight: 400;\">En ning\u00fan momento ANTHROPOMETRICA, body measurements ser\u00e1 \u00a0responsable de ning\u00fan da\u00f1o patrimonial o personal incluyendo, pero no limitado a, da\u00f1os directos, indirectos, especiales, fortuitos o consecuentes u otras p\u00e9rdidas resultantes del uso o de la imposibilidad de utilizar nuestros productos.<\/span><\/p>\n<p><b>Precios y formas pagos<\/b><\/p>\n<p><span style=\"font-weight: 400;\">La aceptaci\u00f3n\/realizaci\u00f3n de pedidos y ventas se condiciona expresamente al pago total del producto\/servicio y del acuerdo y aceptaci\u00f3n por parte del usuario\/comprador de los T\u00e9rminos y Condiciones contenidos en el presente documento junto con cualquier t\u00e9rmino especial estipulado por ANTHROPOMETRICA, body measurements, por lo que el usuario\/comprador deber\u00e1 leer cuidadosamente este documento as\u00ed como la descripci\u00f3n de los productos\/servicios ofrecidos. <\/span><\/p>\n<p><span style=\"font-weight: 400;\">Los valores ofertados en el Sitio Web incluyen los precios de los productos\/servicios ya con IVA, a los cuales hay que agregarle, en su caso, el costo del env\u00edo que variar\u00e1 en funci\u00f3n de peso, volumen y lugar.<\/span><\/p>\n<p><span style=\"font-weight: 400;\">Los precios ofertados en el Sitio Web pueden variar sin previo aviso y las formas de pago disponibles ser\u00e1n: Paypal, transferencia bancaria, pago en Oxxo y pago con tarjeta de cr\u00e9dito\/d\u00e9bito.<\/span><\/p>\n<p><span style=\"font-weight: 400;\">Una vez hecha la compra\/venta de los productos\/servicios no habr\u00e1 cancelaci\u00f3n ni devoluci\u00f3n de dinero parcial ni total.<\/span><\/p>\n<p><b>Facturaci\u00f3n<\/b><\/p>\n<p><span style=\"font-weight: 400;\">En caso de requerir factura fiscal se deber\u00e1n llenar los datos solicitados en el apartado correspondiente, indicando raz\u00f3n social, RFC, direcci\u00f3n completa, forma de pago, datos de contacto y n\u00famero de referencia.<\/span><\/p>\n<p><span style=\"font-weight: 400;\">Pagos v\u00eda Paypal no podr\u00e1n facturarse. <\/span><\/p>\n<p><span style=\"font-weight: 400;\">El usuario\/comprador tiene 3\u00a0d\u00edas h\u00e1biles o 5\u00a0d\u00edas previos al \u00faltimo d\u00eda del mes de la emisi\u00f3n de la factura correspondiente para cancelar o modificar la misma. No se emiten facturas de meses retrospectivos al mes actual de pago.<\/span><\/p>\n<p><b>Pol\u00edticas de entrega<\/b><\/p>\n<p><span style=\"font-weight: 400;\">El usuario\/comprador no puede establecer la ruta de env\u00edo ni el servicio de paqueter\u00eda, y asume todo el riesgo de p\u00e9rdida, merma, demora o da\u00f1o de las mercanc\u00edas en tr\u00e1nsito pudieran llegar a sufrir una vez que \u00e9stas hayan sido entregadas al transportista. <\/span><\/p>\n<p><span style=\"font-weight: 400;\">Si la entrega contar\u00e1 con instrucciones especiales, el usuario\/comprador deber\u00e1 contactarse con la administraci\u00f3n antes de efectuar la compra, para dar las instrucciones los m\u00e1s claras y precisas posibles y estar consiente que esto podr\u00eda reajustar el precio cotizado. El usuario\/comprador ser\u00e1 responsable por cualquier gasto imputable a una variaci\u00f3n en las instrucciones de entrega o fuera de entrega (por ejemplo: flete, almacenamiento, seguro, manejo, estad\u00eda o cualquier otro gasto), cualquier gasto por dichos conceptos o incrementos en los mismos que no est\u00e9n establecidos en la cotizaci\u00f3n, acuse de recibo o factura inicial ser\u00e1 deber\u00e1n ser pagados inmediatamente por el usuario\/comprador, quien deber\u00e1 disponer de los medios apropiados para la recepci\u00f3n inmediata de las mercanc\u00edas en el momento de su entrega.<\/span><\/p>\n<p><span style=\"font-weight: 400;\">Las solicitudes con \u00a0instrucciones especiales estar\u00e1n sujetas a las pol\u00edticas del servicio de paqueter\u00eda.<\/span><\/p>\n<p><span style=\"font-weight: 400;\">Las fechas de entrega indicadas en las cotizaciones y acuses de recibo son fechas estimadas y no est\u00e1n garantizadas. ANTHROPOMETRICA, body measurements no se har\u00e1 responsable por la falta de cumplimiento de cualquier pedido o entrega de las mercanc\u00edas, ni por demoras de las mismas, derivadas de cualquier causa fuera de control de la administraci\u00f3n.<\/span><\/p>\n<p><b>Pol\u00edtica de devoluciones y garant\u00edas<\/b><\/p>\n<p><span style=\"font-weight: 400;\">Las mercanc\u00edas fabricadas bajo pedidos especiales<\/span> <span style=\"font-weight: 400;\">y de los productos no tangibles no aplicar\u00e1n para garant\u00eda; \u00fanicamente los productos tangibles podr\u00e1n hacer uso de la garant\u00eda.<\/span><\/p>\n<p><span style=\"font-weight: 400;\">Para la aplicaci\u00f3n de garant\u00edas el usuario\/comprador deber\u00e1 contactar al \u00e1rea administrativa de ANTHROPOMETRICA, body measurements por email a <\/span><a href=\"mailto:info@anthropometrica.com.mx\"><span style=\"font-weight: 400;\">info@anthropometrica.com.mx<\/span><\/a><span style=\"font-weight: 400;\"> o por v\u00eda telef\u00f3nica al +52 999 481 95 17 en horario laboral y exponer su situaci\u00f3n. Una vez acordada la resoluci\u00f3n, ANTHROPOMETRICA, body measurements enviar\u00e1 un correo de confirmaci\u00f3n al correo proporcionado por el usuario\/comprador, por lo que todo acuerdo verbal no ser\u00e1 v\u00e1lido a menos que quede expresado en el correo.<\/span><\/p>\n<p><span style=\"font-weight: 400;\">Es importante contar con el comprobante de compra para poder seguir con el procedimiento. El responsable de la compra es quien deber\u00e1 hacer el contacto con la administraci\u00f3n. Ninguna persona est\u00e1 autorizada para modificar esta garant\u00eda.<\/span><\/p>\n<p><b>Garant\u00edas<\/b><\/p>\n<p><span style=\"font-weight: 400;\">Hay algunos productos que pudieran tener garant\u00eda de cambio por un producto de igual o menor valor, esto es especificado al comprar el producto. En tales casos la garant\u00eda solo cubrir\u00e1 fallas de fabricaci\u00f3n y funcionamiento y \u00fanicamente ser\u00e1 v\u00e1lida si el producto fue usado correctamente en condiciones normales, esto incluye:<\/span><\/p>\n<p><span style=\"font-weight: 400;\">\u2013 De acuerdo a las especificaciones t\u00e9cnicas indicadas para cada producto.<\/span><\/p>\n<p><span style=\"font-weight: 400;\">\u2013 En condiciones ambientales acorde con las especificaciones indicadas por el fabricante.<\/span><\/p>\n<p><span style=\"font-weight: 400;\">\u2013 En uso espec\u00edfico para la funci\u00f3n con que fue dise\u00f1ado de f\u00e1brica.<\/span><\/p>\n<p><span style=\"font-weight: 400;\">La garant\u00eda no cubre aver\u00edas o da\u00f1os ocasionados por uso indebido, fallas en el env\u00edo ni por la compra con distribuidores no autorizados.<\/span><\/p>\n<p><span style=\"font-weight: 400;\">Por este medio el usuario\/comprador asume toda responsabilidad y riesgo por concepto de p\u00e9rdidas, da\u00f1os y perjuicios en caso de que las mercanc\u00edas adquiridas no cumplieran con los usos destinados.<\/span><\/p>\n<p><span style=\"font-weight: 400;\">La garant\u00eda no tendr\u00e1 validez si el producto presenta rastros de humedad, da\u00f1os f\u00edsicos (golpes, raspaduras, etc.), signos de haber sido abiertos, manipulado y\/o intervenido por terceros o si el defecto est\u00e1 relacionado con servicios o componentes no autorizados. Asimismo, la garant\u00eda no cubre el desgaste normal de las piezas ni da\u00f1os por desastres naturales y\/o por cualquier otro incidente similar.<\/span><\/p>\n<p><span style=\"font-weight: 400;\">No existen garant\u00edas extendidas y las garant\u00edas verbales no tienen ninguna validez, \u00fanicamente se aplicar\u00e1 garant\u00eda para cambio de producto y\/o su reparaci\u00f3n. Bajo ninguna circunstancia ANTHROPOMETRICA, body measurements ser\u00e1 responsable despu\u00e9s del vencimiento de la garant\u00eda, la cual cubre un plazo de 30 d\u00edas a partir de la fecha de entrega.<\/span><\/p>\n<p><b>Procedimiento de aplicaci\u00f3n de garant\u00eda<\/b><\/p>\n<p><span style=\"font-weight: 400;\">Se deber\u00e1n cumplir los siguientes requisitos:<\/span><\/p>\n<ol>\n<li style=\"font-weight: 400;\"><span style=\"font-weight: 400;\">Tener comprobante de pago<\/span><\/li>\n<li style=\"font-weight: 400;\"><span style=\"font-weight: 400;\">Se debe encontrar en la misma condici\u00f3n en el que se recibi\u00f3. Deber\u00e1 contar con todas las piezas.<\/span><\/li>\n<li style=\"font-weight: 400;\"><span style=\"font-weight: 400;\">Estar en la caja o empaque original.<\/span><\/li>\n<\/ol>\n<p><span style=\"font-weight: 400;\">Si el usuario\/comprador cumple con lo anterior \u00a0deber\u00e1 seguir los siguientes pasos:<\/span><\/p>\n<ol>\n<li style=\"font-weight: 400;\"><span style=\"font-weight: 400;\">Contactar al \u00e1rea administrativa de ANTHROPOMETRICA, body measurements por email a <\/span><a href=\"mailto:info@anthropometrica.com.mx\"><span style=\"font-weight: 400;\">info@anthropometrica.com.mx<\/span><\/a><span style=\"font-weight: 400;\"> o por v\u00eda telef\u00f3nica al +52 999 481 95 17 en horario laboral y exponer su situaci\u00f3n. El responsable de la compra es quien deber\u00e1 hacer el contacto con la administraci\u00f3n.<\/span><\/li>\n<li style=\"font-weight: 400;\"><span style=\"font-weight: 400;\">Se deber\u00e1 enviar el producto junto a su empaque original y empaquetarse para el env\u00edo de forma \u00a0que no pueda sufrir da\u00f1os al momento del enviarlo o transportarlo.<\/span><\/li>\n<\/ol>\n<p><span style=\"font-weight: 400;\">La modalidad de entrega puede ser de manera personal en las oficinas de ANTHROPOMETRICA, body measurements o por un servicio de paqueter\u00eda (de ser necesario se se\u00f1alar\u00eda cu\u00e1l servicio convendr\u00eda) solicitando la recolecci\u00f3n a domicilio. La administraci\u00f3n proporcionar\u00eda una gu\u00eda para el env\u00edo de devoluci\u00f3n. En cuanto el producto llegue a las oficinas de ANTHROPOMETRICA, body measurements en buen estado, se continuar\u00e1 con la aplicaci\u00f3n de la garant\u00eda.<\/span><\/p>\n<p><b>Comprobaci\u00f3n antifraude<\/b><\/p>\n<p><span style=\"font-weight: 400;\">La compra del usuario\/comprador puede ser aplazada para la comprobaci\u00f3n antifraude. Tambi\u00e9n puede ser suspendida por m\u00e1s tiempo para una investigaci\u00f3n m\u00e1s rigurosa, para evitar transacciones fraudulentas. ANTHROPOMETRICA, body measurements no se hace responsable de este proceso ni de su resultado.<\/span><\/p>\n<p><b>Cuentas de usuario<\/b><\/p>\n<p><span style=\"font-weight: 400;\">En algunos casos, para adquirir un producto, ser\u00e1 necesario el registro por parte del usuario\/comprador con ingreso de datos personales fidedignos y definici\u00f3n de una contrase\u00f1a.<\/span><\/p>\n<p><span style=\"font-weight: 400;\">El usuario\/comprador puede elegir y cambiar la clave para su acceso de administraci\u00f3n de la cuenta en cualquier momento. ANTHROPOMETRICA, body measurements no asume la responsabilidad con problemas en la cuenta si el usuario\/comprador entrega dicha clave a terceros.<\/span><\/p>\n<p><span style=\"font-weight: 400;\">ANTHROPOMETRICA, body measurements \u00a0NI AVALA NI ES RESPONSABLE DE LA EXACTITUD O VERACIDAD DE CUALQUIER OPINI\u00d3N, CONSEJO O DECLARACI\u00d3N EN EL SITIO WEB, NI DE CUALQUIER PUBLICACI\u00d3N OFENSIVA, DIFAMATORIA, OBSCENA, INDECENTE, ILEGAL O VIOLATORIA HECHA EN EL MISMO POR CUALQUIER USUARIO\/COMPRADOR. Es responsabilidad del usuario\/comprador evaluar la exactitud, conclusi\u00f3n o utilidad de cualquier informaci\u00f3n, opini\u00f3n, consejo u otro contenido disponible a trav\u00e9s del Sitio Web. Asimismo el usuario\/comprador tendr\u00e1 la facultad de eliminar respuestas, opiniones y declaraciones que considere.<\/span><\/p>\n<p><b>Aula virtual<\/b><\/p>\n<p><span style=\"font-weight: 400;\">Los usuarios\/compradores que se inscriben a cursos en l\u00ednea tendr\u00e1n acceso al contenido audiovisual, foros de discusi\u00f3n y contacto directo con un profesor.<\/span><\/p>\n<p><span style=\"font-weight: 400;\">ANTHROPOMETRICA, body measurements no se hace responsable por ninguna obligaci\u00f3n acordada entre el usuario\/comprador y el profesor, esos acuerdos se considerar\u00e1n ajenos a este documento y otros avisos legales. <\/span><\/p>\n<p><span style=\"font-weight: 400;\">ANTHROPOMETRICA, body measurements se reserva el derecho de eliminar o cambiar la oferta acad\u00e9mica en cualquier momento y en cualquier motivo.<\/span><\/p>\n<p><b>Cese del servicio<\/b><\/p>\n<p><span style=\"font-weight: 400;\">ANTHROPOMETRICA, body measurements se reserva el derecho de cesar un servicio, atenci\u00f3n a un usuario\/comprador, cancelar una cuenta o terminar de cualquier otra forma la relaci\u00f3n entre usuario\/comprador y empresa en caso de que no cumpla de los T\u00e9rminos y Condiciones establecidos o en situaciones especiales que lo ameriten.<\/span><\/p>\n<p><b>Aviso legal<\/b><\/p>\n<p><span style=\"font-weight: 400;\">En caso de proceso judicial en relaci\u00f3n con cualquier asunto materia del presente documento, de manera irrevocable, dicho asunto debe ser juzgado o decidido por los tribunales competentes de la ciudad de M\u00e9rida, Yucat\u00e1n; M\u00e9xico. Asimismo queda acordado que los involucrados se someten de manera general e incondicional a la Jurisdicci\u00f3n de cualquiera de dichos tribunales en relaci\u00f3n con dichos asuntos y renuncian expresamente a cualquier otra jurisdicci\u00f3n a la que tengan derecho en virtud de sus domicilios presentes o futuros o por cualquier otro motivo. La invalidez, ilegalidad o falta de coercibilidad de una o m\u00e1s de las disposiciones del presente documento de ninguna manera afectar\u00e1 la validez y coercibilidad de las dem\u00e1s estipulaciones. En cualquier demanda, acci\u00f3n o procedimiento legal entre las partes relacionadas con el presente contrato, la parte Vendedora, ANTHROPOMETRICA, body measurement, tendr\u00e1 derecho al reembolso de todos los honorarios, gastos y costes legales.<\/span><\/p>\n<p><b>Aviso de privacidad y protecci\u00f3n de datos<\/b><\/p>\n<p><span style=\"font-weight: 400;\">Las pol\u00edticas de uso y recopilaci\u00f3n de informaci\u00f3n ANTHROPOMETRICA, body measurements \u00a0\u00a0con respecto a la privacidad de Informaci\u00f3n del Informaci\u00f3n del Usuario (usuario\/comprador) se establecen en la <\/span><b>Pol\u00edtica de Privacidad<\/b> <span style=\"font-weight: 400;\">del Sitio Web, la cual est\u00e1 incorporada al mismo como referencia para todos los prop\u00f3sitos. El usuario\/comprador reconoce y acepta ser el \u00fanico responsable de la exactitud del contenido de la Informaci\u00f3n del Usuario.<\/span><\/p>\n","protected":false},"excerpt":{"rendered":"<p>Condiciones generales El presente documento constituye los T\u00e9rminos y Condiciones de uso de este Sitio Web y de cualquier producto [&hellip;]<\/p>\n","protected":false},"author":1,"featured_media":0,"parent":0,"menu_order":0,"comment_status":"closed","ping_status":"closed","template":"","meta":{"_acf_changed":false,"site-sidebar-layout":"default","site-content-layout":"","ast-site-content-layout":"default","site-content-style":"default","site-sidebar-style":"default","ast-global-header-display":"","ast-banner-title-visibility":"","ast-main-header-display":"","ast-hfb-above-header-display":"","ast-hfb-below-header-display":"","ast-hfb-mobile-header-display":"","site-post-title":"","ast-breadcrumbs-content":"","ast-featured-img":"","footer-sml-layout":"","theme-transparent-header-meta":"","adv-header-id-meta":"","stick-header-meta":"","header-above-stick-meta":"","header-main-stick-meta":"","header-below-stick-meta":"","astra-migrate-meta-layouts":"default","ast-page-background-enabled":"default","ast-page-background-meta":{"desktop":{"background-color":"var(--ast-global-color-5)","background-image":"","background-repeat":"repeat","background-position":"center center","background-size":"auto","background-attachment":"scroll","background-type":"","background-media":"","overlay-type":"","overlay-color":"","overlay-opacity":"","overlay-gradient":""},"tablet":{"background-color":"","background-image":"","background-repeat":"repeat","background-position":"center center","background-size":"auto","background-attachment":"scroll","background-type":"","background-media":"","overlay-type":"","overlay-color":"","overlay-opacity":"","overlay-gradient":""},"mobile":{"background-color":"","background-image":"","background-repeat":"repeat","background-position":"center center","background-size":"auto","background-attachment":"scroll","background-type":"","background-media":"","overlay-type":"","overlay-color":"","overlay-opacity":"","overlay-gradient":""}},"ast-content-background-meta":{"desktop":{"background-color":"var(--ast-global-color-4)","background-image":"","background-repeat":"repeat","background-position":"center center","background-size":"auto","background-attachment":"scroll","background-type":"","background-media":"","overlay-type":"","overlay-color":"","overlay-opacity":"","overlay-gradient":""},"tablet":{"background-color":"var(--ast-global-color-4)","background-image":"","background-repeat":"repeat","background-position":"center center","background-size":"auto","background-attachment":"scroll","background-type":"","background-media":"","overlay-type":"","overlay-color":"","overlay-opacity":"","overlay-gradient":""},"mobile":{"background-color":"var(--ast-global-color-4)","background-image":"","background-repeat":"repeat","background-position":"center center","background-size":"auto","background-attachment":"scroll","background-type":"","background-media":"","overlay-type":"","overlay-color":"","overlay-opacity":"","overlay-gradient":""}},"_joinchat":[],"footnotes":"","_links_to":"","_links_to_target":""},"class_list":["post-3999","page","type-page","status-publish","hentry"],"acf":[],"aioseo_notices":[],"_links":{"self":[{"href":"https:\/\/anthropometrica.mx\/tienda\/wp-json\/wp\/v2\/pages\/3999","targetHints":{"allow":["GET"]}}],"collection":[{"href":"https:\/\/anthropometrica.mx\/tienda\/wp-json\/wp\/v2\/pages"}],"about":[{"href":"https:\/\/anthropometrica.mx\/tienda\/wp-json\/wp\/v2\/types\/page"}],"author":[{"embeddable":true,"href":"https:\/\/anthropometrica.mx\/tienda\/wp-json\/wp\/v2\/users\/1"}],"replies":[{"embeddable":true,"href":"https:\/\/anthropometrica.mx\/tienda\/wp-json\/wp\/v2\/comments?post=3999"}],"version-history":[{"count":2,"href":"https:\/\/anthropometrica.mx\/tienda\/wp-json\/wp\/v2\/pages\/3999\/revisions"}],"predecessor-version":[{"id":4334,"href":"https:\/\/anthropometrica.mx\/tienda\/wp-json\/wp\/v2\/pages\/3999\/revisions\/4334"}],"wp:attachment":[{"href":"https:\/\/anthropometrica.mx\/tienda\/wp-json\/wp\/v2\/media?parent=3999"}],"curies":[{"name":"wp","href":"https:\/\/api.w.org\/{rel}","templated":true}]}}