{"id":18,"date":"2021-02-24T17:37:43","date_gmt":"2021-02-24T17:37:43","guid":{"rendered":"https:\/\/anthropometrica.mx\/nutricion-deportiva-para-entrenadores\/?page_id=18"},"modified":"2021-03-03T10:34:09","modified_gmt":"2021-03-03T16:34:09","slug":"inicio","status":"publish","type":"page","link":"https:\/\/anthropometrica.mx\/nutricion-deportiva-para-entrenadores\/","title":{"rendered":"Inicio"},"content":{"rendered":"<div class=\"wpb-content-wrapper\"><p>[vc_row full_width=&#8221;stretch_row&#8221; full_height=&#8221;yes&#8221; css=&#8221;.vc_custom_1614212927199{padding-top: 80px !important;padding-bottom: 80px !important;background-image: url(https:\/\/anthropometrica.mx\/nutricion-deportiva-para-entrenadores\/wp-content\/uploads\/2021\/02\/entrenamiento-bg.jpg?id=90) !important;background-position: center !important;background-repeat: no-repeat !important;background-size: cover !important;}&#8221; el_id=&#8221;inicio&#8221;][vc_column width=&#8221;3\/4&#8243;]<div class=\"ult-just-icon-wrapper  \"><div class=\"align-icon\" style=\"text-align:left;\">\n<div class=\"aio-icon-img \" style=\"font-size:200px;display:inline-block;\" >\n\t<img decoding=\"async\" class=\"img-icon\" alt=\"null\" src=\"https:\/\/anthropometrica.mx\/nutricion-deportiva-para-entrenadores\/wp-content\/uploads\/2021\/02\/issn-logo-1.png\"\/>\n<\/div><\/div><\/div>[vc_empty_space height=&#8221;15px&#8221;]<div id=\"ultimate-heading-748569d4d586a94f9\" class=\"uvc-heading ult-adjust-bottom-margin ultimate-heading-748569d4d586a94f9 uvc-2437 \" data-hspacer=\"no_spacer\"  data-halign=\"left\" style=\"text-align:left\"><div class=\"uvc-heading-spacer no_spacer\" style=\"top\"><\/div><div class=\"uvc-main-heading ult-responsive\"  data-ultimate-target='.uvc-heading.ultimate-heading-748569d4d586a94f9 h1'  data-responsive-json-new='{\"font-size\":\"mobile:44px;\",\"line-height\":\"desktop:60px;mobile:44px;\"}' ><h1 style=\"font-weight:bold;color:#ffffff;margin-bottom:25px;\">Curso de nutrici\u00f3n deportiva para entrenadores<\/h1><\/div><div class=\"uvc-sub-heading ult-responsive\"  data-ultimate-target='.uvc-heading.ultimate-heading-748569d4d586a94f9 .uvc-sub-heading '  data-responsive-json-new='{\"font-size\":\"desktop:20px;\",\"line-height\":\"\"}'  style=\"font-weight:normal;color:#ffffff;\">Preparaci\u00f3n para la Certificaci\u00f3n en Especialista en Nutrici\u00f3n Deportiva ISSN-SNS<\/div><\/div>[vc_empty_space height=&#8221;30px&#8221;]<div class=\" vc_custom_1614193063451 ubtn-ctn-inline \"><a class=\"ubtn-link ult-adjust-bottom-margin ubtn-inline ubtn-custom \" href=\"#curso\" ><button type=\"button\" id=\"ubtn-2518\"  class=\"ubtn ult-adjust-bottom-margin ult-responsive ubtn-custom ubtn-no-hover-bg  none  ubtn-inline   tooltip-69d4d586a9540\"  data-hover=\"#a07bec\" data-border-color=\"#ffffff\" data-bg=\"\" data-hover-bg=\"#ffffff\" data-border-hover=\"#ffffff\" data-shadow-hover=\"\" data-shadow-click=\"none\" data-shadow=\"\" data-shd-shadow=\"\"  data-ultimate-target='#ubtn-2518'  data-responsive-json-new='{\"font-size\":\"desktop:18px;\",\"line-height\":\"desktop:18px;\"}'  style=\"font-weight:bold;width:180px;min-height:60px;padding:px px;border-radius:5px;border-width:1px;border-color:#ffffff;border-style:solid;color: #ffffff;\"><span class=\"ubtn-hover\" style=\"background-color:#ffffff\"><\/span><span class=\"ubtn-data ubtn-text \" >Conoce M\u00e1s<\/span><\/button><\/a><\/div><div class=\" vc_custom_1614193077233 ubtn-ctn-inline \"><a class=\"ubtn-link ult-adjust-bottom-margin ubtn-inline ubtn-custom \" href=\"#inscripcion\" ><button type=\"button\" id=\"ubtn-6169\"  class=\"ubtn ult-adjust-bottom-margin ult-responsive ubtn-custom ubtn-no-hover-bg  none  ubtn-inline   tooltip-69d4d586a9598\"  data-hover=\"#ffffff\" data-border-color=\"#ffffff\" data-bg=\"#ffffff\" data-hover-bg=\"#a07bec\" data-border-hover=\"#a07bec\" data-shadow-hover=\"\" data-shadow-click=\"none\" data-shadow=\"\" data-shd-shadow=\"\"  data-ultimate-target='#ubtn-6169'  data-responsive-json-new='{\"font-size\":\"desktop:18px;\",\"line-height\":\"desktop:18px;\"}'  style=\"font-weight:bold;width:180px;min-height:60px;padding:px px;border-radius:5px;border-width:1px;border-color:#ffffff;border-style:solid;background: #ffffff;color: #a07bec;\"><span class=\"ubtn-hover\" style=\"background-color:#a07bec\"><\/span><span class=\"ubtn-data ubtn-text \" >Inscr\u00edbete<\/span><\/button><\/a><\/div>[\/vc_column][vc_column width=&#8221;1\/4&#8243;][\/vc_column][\/vc_row][vc_section el_id=&#8221;curso&#8221;][vc_row][vc_column][vc_empty_space height=&#8221;65px&#8221;][\/vc_column][\/vc_row][vc_row gap=&#8221;30&#8243;][vc_column width=&#8221;1\/2&#8243;][vc_single_image image=&#8221;65&#8243; img_size=&#8221;full&#8221; alignment=&#8221;center&#8221; style=&#8221;vc_box_rounded&#8221;][\/vc_column][vc_column width=&#8221;1\/2&#8243;][vc_custom_heading text=&#8221;La Certificaci\u00f3n de Especialista en Nutrici\u00f3n Deportiva de la International Society of Sport Nutrition (ISSN- SNS) est\u00e1 destinada a aquellos entrenadores personales o instructores de musculaci\u00f3n que dise\u00f1an e implementan entrenamientos de fuerza y programas de acondicionamiento para deportistas o personas f\u00edsicamente activas, con el objetivo de mejorar su rendimiento f\u00edsico y deportivo, y que necesitan tener el conocimiento b\u00e1sico de nutrici\u00f3n y suplementaci\u00f3n con el fin de complementar la atenci\u00f3n brindada a sus clientes.&#8221; font_container=&#8221;tag:p|text_align:justify&#8221; use_theme_fonts=&#8221;yes&#8221;]<div class=\"ult-content-box-container \" >\t\t<div class=\"ult-content-box\" style=\"background-color:#a07bec;box-shadow: px px px px none;border-style:solid;border-width:0px;border-radius:10px;padding:2em;-webkit-transition: all 700ms ease;-moz-transition: all 700ms ease;-ms-transition: all 700ms ease;-o-transition: all 700ms ease;transition: all 700ms ease;\"  data-hover_bg_color=\"#a07bec\"  data-hover_box_shadow=\"none\"  data-hover_border_color=\"#a07bec\"     data-bg=\"#a07bec\"  data-border_color=\"\" >[vc_custom_heading text=&#8221;Objetivo:&#8221; font_container=&#8221;tag:h2|font_size:30px|text_align:left|color:%23ffffff&#8221; use_theme_fonts=&#8221;yes&#8221;][vc_empty_space height=&#8221;10px&#8221;][vc_custom_heading text=&#8221;Capacitar a los entrenadores personales o instructores de sala de musculaci\u00f3n en temas relacionados a la nutrici\u00f3n y suplementaci\u00f3n deportiva con la finalidad de obtener la certificaci\u00f3n ISSN-SNS de la International Society of Sport Nutrition.&#8221; font_container=&#8221;tag:p|text_align:justify|color:%23ffffff&#8221; use_theme_fonts=&#8221;yes&#8221; css=&#8221;.vc_custom_1614196664373{margin-bottom: 0px !important;}&#8221;]\t\t<\/div><\/div>[\/vc_column][\/vc_row][vc_row][vc_column][vc_empty_space height=&#8221;65px&#8221;][\/vc_column][\/vc_row][vc_row full_width=&#8221;stretch_row&#8221; css=&#8221;.vc_custom_1614197609821{padding-top: 60px !important;padding-bottom: 60px !important;background-color: #f4f4f4 !important;}&#8221;][vc_column width=&#8221;1\/12&#8243;][\/vc_column][vc_column width=&#8221;5\/6&#8243;][vc_custom_heading text=&#8221;Este curso est\u00e1 dirigido a entrenadores personales o instructores de sala de musculaci\u00f3n&#8221; font_container=&#8221;tag:p|font_size:33px|text_align:center&#8221; use_theme_fonts=&#8221;yes&#8221; css=&#8221;.vc_custom_1614210209296{margin-bottom: 0px !important;}&#8221;][\/vc_column][vc_column width=&#8221;1\/12&#8243;][\/vc_column][\/vc_row][vc_row][vc_column][vc_empty_space height=&#8221;60px&#8221;][\/vc_column][\/vc_row][vc_row][vc_column width=&#8221;1\/4&#8243;][vc_empty_space height=&#8221;20px&#8221;]<div class=\"ult-content-box-container \" >\t\t<div class=\"ult-content-box\" style=\"box-shadow: px px px px none;border-style:solid;border-width:1px;border-radius:10px;border-color:#dddddd;padding:2em;min-height:264px;-webkit-transition: all 700ms ease;-moz-transition: all 700ms ease;-ms-transition: all 700ms ease;-o-transition: all 700ms ease;transition: all 700ms ease;\"  data-hover_box_shadow=\"none\"  data-hover_border_color=\"#dddddd\"     data-border_color=\"#dddddd\" ><div class=\"aio-icon-component  vc_custom_1614199924570   style_1\"><div id=\"Info-box-wrap-3367\" class=\"aio-icon-box top-icon\" style=\"\"  ><div class=\"aio-icon-top\"><div class=\"ult-just-icon-wrapper  \"><div class=\"align-icon\" style=\"text-align:center;\">\n<div class=\"aio-icon-img \" style=\"font-size:80px;display:inline-block;\" >\n\t<img decoding=\"async\" class=\"img-icon\" alt=\"null\" src=\"https:\/\/anthropometrica.mx\/nutricion-deportiva-para-entrenadores\/wp-content\/uploads\/2021\/02\/tiempo.png\"\/>\n<\/div><\/div><\/div><\/div><div class=\"aio-icon-header\" ><h3 class=\"aio-icon-title ult-responsive\"  data-ultimate-target='#Info-box-wrap-3367 .aio-icon-title'  data-responsive-json-new='{\"font-size\":\"desktop:24px;\",\"line-height\":\"\"}'  style=\"font-weight:bold;\">Duraci\u00f3n:<\/h3><\/div> <!-- header --><div class=\"aio-icon-description ult-responsive\"  data-ultimate-target='#Info-box-wrap-3367 .aio-icon-description'  data-responsive-json-new='{\"font-size\":\"\",\"line-height\":\"\"}'  style=\"\">50 horas dividido en 5 m\u00f3dulos<\/div> <!-- description --><\/div> <!-- aio-icon-box --><\/div> <!-- aio-icon-component -->\t\t<\/div><\/div>[vc_empty_space height=&#8221;20px&#8221;][\/vc_column][vc_column width=&#8221;1\/4&#8243;][vc_empty_space height=&#8221;20px&#8221;]<div class=\"ult-content-box-container \" >\t\t<div class=\"ult-content-box\" style=\"box-shadow: px px px px none;border-style:solid;border-width:1px;border-radius:10px;border-color:#dddddd;padding:2em;min-height:264px;-webkit-transition: all 700ms ease;-moz-transition: all 700ms ease;-ms-transition: all 700ms ease;-o-transition: all 700ms ease;transition: all 700ms ease;\"  data-hover_box_shadow=\"none\"  data-hover_border_color=\"#dddddd\"     data-border_color=\"#dddddd\" ><div class=\"aio-icon-component  vc_custom_1614199976754   style_1\"><div id=\"Info-box-wrap-6337\" class=\"aio-icon-box top-icon\" style=\"\"  ><div class=\"aio-icon-top\"><div class=\"ult-just-icon-wrapper  \"><div class=\"align-icon\" style=\"text-align:center;\">\n<div class=\"aio-icon-img \" style=\"font-size:80px;display:inline-block;\" >\n\t<img decoding=\"async\" class=\"img-icon\" alt=\"null\" src=\"https:\/\/anthropometrica.mx\/nutricion-deportiva-para-entrenadores\/wp-content\/uploads\/2021\/02\/pc.png\"\/>\n<\/div><\/div><\/div><\/div><div class=\"aio-icon-header\" ><h3 class=\"aio-icon-title ult-responsive\"  data-ultimate-target='#Info-box-wrap-6337 .aio-icon-title'  data-responsive-json-new='{\"font-size\":\"desktop:24px;\",\"line-height\":\"\"}'  style=\"font-weight:bold;\">Modalidad:<\/h3><\/div> <!-- header --><div class=\"aio-icon-description ult-responsive\"  data-ultimate-target='#Info-box-wrap-6337 .aio-icon-description'  data-responsive-json-new='{\"font-size\":\"\",\"line-height\":\"\"}'  style=\"\">Online en vivo<\/div> <!-- description --><\/div> <!-- aio-icon-box --><\/div> <!-- aio-icon-component -->\t\t<\/div><\/div>[vc_empty_space height=&#8221;20px&#8221;][\/vc_column][vc_column width=&#8221;1\/4&#8243;][vc_empty_space height=&#8221;20px&#8221;]<div class=\"ult-content-box-container \" >\t\t<div class=\"ult-content-box\" style=\"box-shadow: px px px px none;border-style:solid;border-width:1px;border-radius:10px;border-color:#dddddd;padding:2em;min-height:264px;-webkit-transition: all 700ms ease;-moz-transition: all 700ms ease;-ms-transition: all 700ms ease;-o-transition: all 700ms ease;transition: all 700ms ease;\"  data-hover_box_shadow=\"none\"  data-hover_border_color=\"#dddddd\"     data-border_color=\"#dddddd\" ><div class=\"aio-icon-component  vc_custom_1614789223989   style_1\"><div id=\"Info-box-wrap-8106\" class=\"aio-icon-box top-icon\" style=\"\"  ><div class=\"aio-icon-top\"><div class=\"ult-just-icon-wrapper  \"><div class=\"align-icon\" style=\"text-align:center;\">\n<div class=\"aio-icon-img \" style=\"font-size:80px;display:inline-block;\" >\n\t<img decoding=\"async\" class=\"img-icon\" alt=\"null\" src=\"https:\/\/anthropometrica.mx\/nutricion-deportiva-para-entrenadores\/wp-content\/uploads\/2021\/02\/lugar.png\"\/>\n<\/div><\/div><\/div><\/div><div class=\"aio-icon-header\" ><h3 class=\"aio-icon-title ult-responsive\"  data-ultimate-target='#Info-box-wrap-8106 .aio-icon-title'  data-responsive-json-new='{\"font-size\":\"desktop:24px;\",\"line-height\":\"\"}'  style=\"font-weight:bold;\">Cupo:<\/h3><\/div> <!-- header --><div class=\"aio-icon-description ult-responsive\"  data-ultimate-target='#Info-box-wrap-8106 .aio-icon-description'  data-responsive-json-new='{\"font-size\":\"\",\"line-height\":\"\"}'  style=\"\">M\u00ednimo 10 personas, m\u00e1ximo 20 personas<\/div> <!-- description --><\/div> <!-- aio-icon-box --><\/div> <!-- aio-icon-component -->\t\t<\/div><\/div>[vc_empty_space height=&#8221;20px&#8221;][\/vc_column][vc_column width=&#8221;1\/4&#8243;][vc_empty_space height=&#8221;20px&#8221;]<div class=\"ult-content-box-container \" >\t\t<div class=\"ult-content-box\" style=\"box-shadow: px px px px none;border-style:solid;border-width:1px;border-radius:10px;border-color:#dddddd;padding:2em;min-height:264px;-webkit-transition: all 700ms ease;-moz-transition: all 700ms ease;-ms-transition: all 700ms ease;-o-transition: all 700ms ease;transition: all 700ms ease;\"  data-hover_box_shadow=\"none\"  data-hover_border_color=\"#dddddd\"     data-border_color=\"#dddddd\" ><div class=\"aio-icon-component  vc_custom_1614788830352   style_1\"><div id=\"Info-box-wrap-7752\" class=\"aio-icon-box top-icon\" style=\"\"  ><div class=\"aio-icon-top\"><div class=\"ult-just-icon-wrapper  \"><div class=\"align-icon\" style=\"text-align:center;\">\n<div class=\"aio-icon-img \" style=\"font-size:80px;display:inline-block;\" >\n\t<img decoding=\"async\" class=\"img-icon\" alt=\"null\" src=\"https:\/\/anthropometrica.mx\/nutricion-deportiva-para-entrenadores\/wp-content\/uploads\/2021\/02\/fechas.png\"\/>\n<\/div><\/div><\/div><\/div><div class=\"aio-icon-header\" ><h3 class=\"aio-icon-title ult-responsive\"  data-ultimate-target='#Info-box-wrap-7752 .aio-icon-title'  data-responsive-json-new='{\"font-size\":\"desktop:24px;\",\"line-height\":\"\"}'  style=\"font-weight:bold;\">Fecha de inicio:<\/h3><\/div> <!-- header --><div class=\"aio-icon-description ult-responsive\"  data-ultimate-target='#Info-box-wrap-7752 .aio-icon-description'  data-responsive-json-new='{\"font-size\":\"\",\"line-height\":\"\"}'  style=\"\">21 de mayo de 2021<\/div> <!-- description --><\/div> <!-- aio-icon-box --><\/div> <!-- aio-icon-component -->\t\t<\/div><\/div>[vc_empty_space height=&#8221;20px&#8221;][\/vc_column][\/vc_row][vc_row][vc_column][vc_empty_space height=&#8221;45px&#8221;][\/vc_column][\/vc_row][vc_row gap=&#8221;30&#8243;][vc_column width=&#8221;1\/2&#8243;][vc_custom_heading text=&#8221;El curso incluye:&#8221; font_container=&#8221;tag:h3|text_align:left&#8221; use_theme_fonts=&#8221;yes&#8221;][vc_empty_space height=&#8221;10px&#8221;][vc_column_text]<\/p>\n<ul>\n<li>Curso de preparaci\u00f3n.<\/li>\n<li>Materiales de estudio.<\/li>\n<li>Membres\u00eda de ISSN.<\/li>\n<li>Examen oficial de certificaci\u00f3n ISSN-SNS (en espa\u00f1ol).<\/li>\n<\/ul>\n<p>[\/vc_column_text][vc_empty_space height=&#8221;30px&#8221;][vc_custom_heading text=&#8221;Requisitos:&#8221; font_container=&#8221;tag:h3|text_align:left&#8221; use_theme_fonts=&#8221;yes&#8221;][vc_empty_space height=&#8221;10px&#8221;][vc_column_text]<\/p>\n<ul>\n<li>Ser mayor de 18 a\u00f1os.<\/li>\n<li>Certificado de preparatoria concluida.<\/li>\n<\/ul>\n<p>No es indispensable tener titulaci\u00f3n universitaria. Es recomendable tener conocimientos b\u00e1sicos de nutrici\u00f3n general y suplementos deportivos.[\/vc_column_text][\/vc_column][vc_column width=&#8221;1\/2&#8243;][vc_single_image image=&#8221;71&#8243; img_size=&#8221;full&#8221; alignment=&#8221;center&#8221; style=&#8221;vc_box_rounded&#8221;][\/vc_column][\/vc_row][vc_row][vc_column][vc_empty_space height=&#8221;65px&#8221;][\/vc_column][\/vc_row][\/vc_section][vc_section full_width=&#8221;stretch_row&#8221; el_id=&#8221;costos&#8221; css=&#8221;.vc_custom_1614205970659{background-image: url(https:\/\/anthropometrica.mx\/nutricion-deportiva-para-entrenadores\/wp-content\/uploads\/2021\/02\/fondo-costos.jpg?id=74) !important;background-position: center !important;background-repeat: no-repeat !important;background-size: cover !important;}&#8221;][vc_row][vc_column][vc_empty_space height=&#8221;65px&#8221;][\/vc_column][\/vc_row][vc_row gap=&#8221;30&#8243;][vc_column width=&#8221;1\/2&#8243;]<div class=\"ult-content-box-container \" >\t\t<div class=\"ult-content-box\" style=\"background-color:#ffffff;box-shadow: px px px px none;border-style:solid;border-width:0px;border-radius:10px;padding-top:3em;padding-right:2em;padding-bottom:3em;padding-left:2em;min-height:453px;-webkit-transition: all 700ms ease;-moz-transition: all 700ms ease;-ms-transition: all 700ms ease;-o-transition: all 700ms ease;transition: all 700ms ease;\"  data-hover_bg_color=\"#ffffff\"  data-hover_box_shadow=\"none\"     data-bg=\"#ffffff\"  data-border_color=\"\" >[vc_custom_heading text=&#8221;Inscripci\u00f3n:&#8221; font_container=&#8221;tag:h4|font_size:36px|text_align:center|color:%23a07bec&#8221; use_theme_fonts=&#8221;yes&#8221;][vc_empty_space height=&#8221;15px&#8221;][vc_custom_heading text=&#8221;$5,990 MXN.&#8221; font_container=&#8221;tag:h5|font_size:36px|text_align:center|color:%23666666&#8243; use_theme_fonts=&#8221;yes&#8221;][vc_empty_space height=&#8221;15px&#8221;][vc_separator][vc_empty_space height=&#8221;30px&#8221;][vc_custom_heading text=&#8221;Con descuento:&#8221; font_container=&#8221;tag:h4|font_size:36px|text_align:center|color:%23a07bec&#8221; use_theme_fonts=&#8221;yes&#8221;][vc_empty_space height=&#8221;15px&#8221;][vc_custom_heading text=&#8221;$2,990 MXN.<br \/>\nhasta el 19 de abril de 2021&#8243; font_container=&#8221;tag:h5|font_size:36px|text_align:center|color:%23666666&#8243; use_theme_fonts=&#8221;yes&#8221; css=&#8221;.vc_custom_1614789030444{margin-bottom: 0px !important;}&#8221;]\t\t<\/div><\/div>[\/vc_column][vc_column width=&#8221;1\/2&#8243;]<div class=\"ult-content-box-container \" >\t\t<div class=\"ult-content-box\" style=\"background-color:#ffffff;box-shadow: px px px px none;border-style:solid;border-width:0px;border-radius:10px;padding:2em;min-height:453px;-webkit-transition: all 700ms ease;-moz-transition: all 700ms ease;-ms-transition: all 700ms ease;-o-transition: all 700ms ease;transition: all 700ms ease;\"  data-hover_bg_color=\"#ffffff\"  data-hover_box_shadow=\"none\"     data-bg=\"#ffffff\"  data-border_color=\"\" >[vc_custom_heading text=&#8221;Pago al contado:&#8221; font_container=&#8221;tag:h4|font_size:36px|text_align:center|color:%23a07bec&#8221; use_theme_fonts=&#8221;yes&#8221;][vc_empty_space height=&#8221;15px&#8221;][vc_custom_heading text=&#8221;$15,000 MXN.&#8221; font_container=&#8221;tag:h5|font_size:36px|text_align:center|color:%23666666&#8243; use_theme_fonts=&#8221;yes&#8221;][vc_custom_heading text=&#8221;(Puede diferirse hasta 3 meses sin intereses con tarjeta de cr\u00e9dito).&#8221; font_container=&#8221;tag:p|text_align:center&#8221; use_theme_fonts=&#8221;yes&#8221;][vc_separator][vc_empty_space height=&#8221;30px&#8221;][vc_custom_heading text=&#8221;Pago por m\u00f3dulo:&#8221; font_container=&#8221;tag:h4|font_size:36px|text_align:center|color:%23a07bec&#8221; use_theme_fonts=&#8221;yes&#8221;][vc_empty_space height=&#8221;15px&#8221;][vc_custom_heading text=&#8221;$3,500 MXN.&#8221; font_container=&#8221;tag:h5|font_size:36px|text_align:center|color:%23666666&#8243; use_theme_fonts=&#8221;yes&#8221; css=&#8221;.vc_custom_1614789043564{margin-bottom: 0px !important;}&#8221;]\t\t<\/div><\/div>[\/vc_column][\/vc_row][vc_row][vc_column][vc_empty_space height=&#8221;65px&#8221;][\/vc_column][\/vc_row][\/vc_section][vc_section full_width=&#8221;stretch_row&#8221; el_id=&#8221;inscripcion&#8221; css=&#8221;.vc_custom_1614207859962{background-color: #f4f4f4 !important;background-position: center !important;background-repeat: no-repeat !important;background-size: cover !important;}&#8221;][vc_row][vc_column][vc_empty_space height=&#8221;80px&#8221;][\/vc_column][\/vc_row][vc_row][vc_column width=&#8221;1\/12&#8243;][\/vc_column][vc_column width=&#8221;5\/6&#8243;][vc_custom_heading text=&#8221;Llena tu inscripci\u00f3n&#8221; font_container=&#8221;tag:h2|text_align:center&#8221; use_theme_fonts=&#8221;yes&#8221;][vc_empty_space height=&#8221;30px&#8221;]\n<div class=\"wpcf7 no-js\" id=\"wpcf7-f83-o1\" lang=\"es-MX\" dir=\"ltr\" data-wpcf7-id=\"83\">\n<div class=\"screen-reader-response\"><p role=\"status\" aria-live=\"polite\" aria-atomic=\"true\"><\/p> <ul><\/ul><\/div>\n<form action=\"\/nutricion-deportiva-para-entrenadores\/wp-json\/wp\/v2\/pages\/18#wpcf7-f83-o1\" method=\"post\" class=\"wpcf7-form init\" aria-label=\"Formulario de contacto\" novalidate=\"novalidate\" data-status=\"init\">\n<div style=\"display: none;\">\n<input type=\"hidden\" name=\"_wpcf7\" value=\"83\" \/>\n<input type=\"hidden\" name=\"_wpcf7_version\" value=\"6.0.6\" \/>\n<input type=\"hidden\" name=\"_wpcf7_locale\" value=\"es_MX\" \/>\n<input type=\"hidden\" name=\"_wpcf7_unit_tag\" value=\"wpcf7-f83-o1\" \/>\n<input type=\"hidden\" name=\"_wpcf7_container_post\" value=\"0\" \/>\n<input type=\"hidden\" name=\"_wpcf7_posted_data_hash\" value=\"\" \/>\n<\/div>\n<p class=\"left\"><span class=\"wpcf7-form-control-wrap\" data-name=\"your-name\"><input size=\"40\" maxlength=\"400\" class=\"wpcf7-form-control wpcf7-text wpcf7-validates-as-required\" aria-required=\"true\" aria-invalid=\"false\" placeholder=\"Nombre\" value=\"\" type=\"text\" name=\"your-name\" \/><\/span>\n<\/p>\n<p class=\"right\"><span class=\"wpcf7-form-control-wrap\" data-name=\"your-email\"><input size=\"40\" maxlength=\"400\" class=\"wpcf7-form-control wpcf7-email wpcf7-validates-as-required wpcf7-text wpcf7-validates-as-email\" aria-required=\"true\" aria-invalid=\"false\" placeholder=\"Correo\" value=\"\" type=\"email\" name=\"your-email\" \/><\/span>\n<\/p>\n<p class=\"left\"><span class=\"wpcf7-form-control-wrap\" data-name=\"telefono\"><input size=\"40\" maxlength=\"400\" class=\"wpcf7-form-control wpcf7-tel wpcf7-validates-as-required wpcf7-text wpcf7-validates-as-tel\" aria-required=\"true\" aria-invalid=\"false\" placeholder=\"Tel\u00e9fono\" value=\"\" type=\"tel\" name=\"telefono\" \/><\/span>\n<\/p>\n<p class=\"right\"><span class=\"wpcf7-form-control-wrap\" data-name=\"pais\"><input size=\"40\" maxlength=\"400\" class=\"wpcf7-form-control wpcf7-text wpcf7-validates-as-required\" aria-required=\"true\" aria-invalid=\"false\" placeholder=\"Pa\u00eds\" value=\"\" type=\"text\" name=\"pais\" \/><\/span>\n<\/p>\n<p><span class=\"wpcf7-form-control-wrap\" data-name=\"your-message\"><textarea cols=\"40\" rows=\"5\" maxlength=\"2000\" class=\"wpcf7-form-control wpcf7-textarea\" aria-invalid=\"false\" placeholder=\"\u00bfDudas o comentarios?\" name=\"your-message\"><\/textarea><\/span>\n<\/p>\n<p><input class=\"wpcf7-form-control wpcf7-submit has-spinner buttonform\" type=\"submit\" value=\"Enviar Solicitud\" \/>\n<\/p><div class=\"wpcf7-response-output\" aria-hidden=\"true\"><\/div>\n<\/form>\n<\/div>\n[\/vc_column][vc_column width=&#8221;1\/12&#8243;][\/vc_column][\/vc_row][vc_row][vc_column][vc_empty_space height=&#8221;55px&#8221;][\/vc_column][\/vc_row][\/vc_section]<\/p>\n<\/div>","protected":false},"excerpt":{"rendered":"<p>[vc_row full_width=&#8221;stretch_row&#8221; full_height=&#8221;yes&#8221; css=&#8221;.vc_custom_1614212927199{padding-top: 80px !important;padding-bottom: 80px !important;background-image: url(https:\/\/anthropometrica.mx\/nutricion-deportiva-para-entrenadores\/wp-content\/uploads\/2021\/02\/entrenamiento-bg.jpg?id=90) !important;background-position: center !important;background-repeat: no-repeat !important;background-size: cover !important;}&#8221; el_id=&#8221;inicio&#8221;][vc_column width=&#8221;3\/4&#8243;][vc_empty_space height=&#8221;15px&#8221;][vc_empty_space height=&#8221;30px&#8221;][\/vc_column][vc_column width=&#8221;1\/4&#8243;][\/vc_column][\/vc_row][vc_section el_id=&#8221;curso&#8221;][vc_row][vc_column][vc_empty_space height=&#8221;65px&#8221;][\/vc_column][\/vc_row][vc_row gap=&#8221;30&#8243;][vc_column width=&#8221;1\/2&#8243;][vc_single_image image=&#8221;65&#8243; img_size=&#8221;full&#8221; alignment=&#8221;center&#8221; style=&#8221;vc_box_rounded&#8221;][\/vc_column][vc_column width=&#8221;1\/2&#8243;][vc_custom_heading text=&#8221;La Certificaci\u00f3n de Especialista en Nutrici\u00f3n Deportiva de la International Society of Sport Nutrition (ISSN- SNS) est\u00e1 destinada a aquellos entrenadores personales o instructores de [&hellip;]<\/p>\n","protected":false},"author":1,"featured_media":0,"parent":0,"menu_order":0,"comment_status":"closed","ping_status":"closed","template":"","meta":{"footnotes":""},"class_list":["post-18","page","type-page","status-publish","hentry"],"_links":{"self":[{"href":"https:\/\/anthropometrica.mx\/nutricion-deportiva-para-entrenadores\/wp-json\/wp\/v2\/pages\/18","targetHints":{"allow":["GET"]}}],"collection":[{"href":"https:\/\/anthropometrica.mx\/nutricion-deportiva-para-entrenadores\/wp-json\/wp\/v2\/pages"}],"about":[{"href":"https:\/\/anthropometrica.mx\/nutricion-deportiva-para-entrenadores\/wp-json\/wp\/v2\/types\/page"}],"author":[{"embeddable":true,"href":"https:\/\/anthropometrica.mx\/nutricion-deportiva-para-entrenadores\/wp-json\/wp\/v2\/users\/1"}],"replies":[{"embeddable":true,"href":"https:\/\/anthropometrica.mx\/nutricion-deportiva-para-entrenadores\/wp-json\/wp\/v2\/comments?post=18"}],"version-history":[{"count":58,"href":"https:\/\/anthropometrica.mx\/nutricion-deportiva-para-entrenadores\/wp-json\/wp\/v2\/pages\/18\/revisions"}],"predecessor-version":[{"id":94,"href":"https:\/\/anthropometrica.mx\/nutricion-deportiva-para-entrenadores\/wp-json\/wp\/v2\/pages\/18\/revisions\/94"}],"wp:attachment":[{"href":"https:\/\/anthropometrica.mx\/nutricion-deportiva-para-entrenadores\/wp-json\/wp\/v2\/media?parent=18"}],"curies":[{"name":"wp","href":"https:\/\/api.w.org\/{rel}","templated":true}]}}